{"id":4687,"date":"2022-01-31T05:43:10","date_gmt":"2022-01-31T05:43:10","guid":{"rendered":"https:\/\/jacarandamauritius.com\/villa-sur-mesure\/"},"modified":"2022-03-10T14:48:31","modified_gmt":"2022-03-10T14:48:31","slug":"custom-made-villa","status":"publish","type":"page","link":"https:\/\/jacarandamauritius.com\/fr\/custom-made-villa\/","title":{"rendered":"Villa sur mesure"},"content":{"rendered":"\t\t<div data-elementor-type=\"wp-page\" data-elementor-id=\"4687\" class=\"elementor elementor-4687 elementor-3761\">\n\t\t\t\t\t\t<section class=\"has_eae_slider elementor-section elementor-top-section elementor-element elementor-element-4196c03 elementor-section-full_width elementor-section-height-min-height elementor-section-content-middle elementor-section-items-top elementor-section-height-default\" data-id=\"4196c03\" data-element_type=\"section\" data-settings=\"{&quot;background_background&quot;:&quot;classic&quot;}\">\n\t\t\t\t\t\t\t<div class=\"elementor-background-overlay\"><\/div>\n\t\t\t\t\t\t\t<div class=\"elementor-container elementor-column-gap-no\">\n\t\t\t\t\t<div class=\"has_eae_slider elementor-column elementor-col-100 elementor-top-column elementor-element elementor-element-a52e87f\" data-id=\"a52e87f\" data-element_type=\"column\" data-settings=\"{&quot;background_background&quot;:&quot;classic&quot;}\">\n\t\t\t<div class=\"elementor-widget-wrap elementor-element-populated\">\n\t\t\t\t\t\t<section class=\"has_eae_slider elementor-section elementor-inner-section elementor-element elementor-element-d712e06 elementor-section-content-middle elementor-section-boxed elementor-section-height-default elementor-section-height-default\" data-id=\"d712e06\" data-element_type=\"section\">\n\t\t\t\t\t\t<div class=\"elementor-container elementor-column-gap-default\">\n\t\t\t\t\t<div class=\"has_eae_slider elementor-column elementor-col-100 elementor-inner-column elementor-element elementor-element-9c5f83d\" data-id=\"9c5f83d\" data-element_type=\"column\">\n\t\t\t<div class=\"elementor-widget-wrap elementor-element-populated\">\n\t\t\t\t\t\t<div class=\"elementor-element elementor-element-70ffb07 elementor-widget elementor-widget-heading\" data-id=\"70ffb07\" data-element_type=\"widget\" data-widget_type=\"heading.default\">\n\t\t\t\t<div class=\"elementor-widget-container\">\n\t\t\t<h1 class=\"elementor-heading-title elementor-size-default\">Villa sur mesure<\/h1>\t\t<\/div>\n\t\t\t\t<\/div>\n\t\t\t\t<div class=\"elementor-element elementor-element-7c05a12 elementor-align-center elementor-widget elementor-widget-button\" data-id=\"7c05a12\" data-element_type=\"widget\" data-widget_type=\"button.default\">\n\t\t\t\t<div class=\"elementor-widget-container\">\n\t\t\t\t\t<div class=\"elementor-button-wrapper\">\n\t\t\t<a class=\"elementor-button elementor-button-link elementor-size-sm\" href=\"https:\/\/jacarandamauritius.com\/fr\/contactez-nous\/\">\n\t\t\t\t\t\t<span class=\"elementor-button-content-wrapper\">\n\t\t\t\t\t\t\t\t\t<span class=\"elementor-button-text\">Contacter maintenant<\/span>\n\t\t\t\t\t<\/span>\n\t\t\t\t\t<\/a>\n\t\t<\/div>\n\t\t\t\t<\/div>\n\t\t\t\t<\/div>\n\t\t\t\t<div class=\"elementor-element elementor-element-45bdfc9 elementor-widget elementor-widget-spacer\" data-id=\"45bdfc9\" data-element_type=\"widget\" data-widget_type=\"spacer.default\">\n\t\t\t\t<div class=\"elementor-widget-container\">\n\t\t\t\t\t<div class=\"elementor-spacer\">\n\t\t\t<div class=\"elementor-spacer-inner\"><\/div>\n\t\t<\/div>\n\t\t\t\t<\/div>\n\t\t\t\t<\/div>\n\t\t\t\t\t<\/div>\n\t\t<\/div>\n\t\t\t\t\t<\/div>\n\t\t<\/section>\n\t\t\t\t<div class=\"elementor-element elementor-element-2e816e2 scroll_to_sec__btn elementor-view-default elementor-widget elementor-widget-icon\" data-id=\"2e816e2\" data-element_type=\"widget\" data-widget_type=\"icon.default\">\n\t\t\t\t<div class=\"elementor-widget-container\">\n\t\t\t\t\t<div class=\"elementor-icon-wrapper\">\n\t\t\t<a class=\"elementor-icon\" href=\"#next_section\">\n\t\t\t<svg xmlns=\"http:\/\/www.w3.org\/2000\/svg\" xmlns:xlink=\"http:\/\/www.w3.org\/1999\/xlink\" width=\"30px\" height=\"48px\" viewBox=\"0 0 30 48\"><title>2260E863-7B51-4F6C-9AFC-BC4A15E19F7B<\/title><desc>Created with sketchtool.<\/desc><defs><polygon id=\"path-1\" points=\"0 0.00394018628 29.9143925 0.00394018628 29.9143925 47.9064327 0 47.9064327\"><\/polygon><\/defs><g id=\"Page-1\" stroke=\"none\" stroke-width=\"1\" fill=\"none\" fill-rule=\"evenodd\"><g id=\"Home\" transform=\"translate(-945.000000, -951.000000)\"><g id=\"Scroll\" transform=\"translate(945.000000, 951.000000)\"><g id=\"Group-3\" transform=\"translate(0.000000, 0.089637)\"><mask id=\"mask-2\" fill=\"white\"><use xlink:href=\"#path-1\"><\/use><\/mask><g id=\"Clip-2\"><\/g><path d=\"M26.9234673,23.9844678 C26.9234673,21.677193 26.9433738,19.369731 26.9158037,17.0628304 C26.8999159,15.7256608 26.9308505,14.3704327 26.7287009,13.056 C25.7486075,6.68023392 19.7583271,2.24074854 13.3822523,3.09529825 C7.48916822,3.88500585 3.00617757,8.98507602 2.99430841,14.9430643 C2.98234579,20.898152 2.96842056,26.8535205 3.01580374,32.8083275 C3.02505607,33.9620117 3.18496262,35.1490994 3.49365421,36.2600234 C5.12514953,42.1326784 11.1972056,45.8665731 17.1323458,44.7148538 C22.8393551,43.6072982 26.9048692,38.6937076 26.9220654,32.8704561 C26.930757,29.9084912 26.9235607,26.9464327 26.9234673,23.9844678 Z M13.6490748,47.9064327 C12.8287944,47.7479298 11.9995421,47.6256374 11.189729,47.4249357 C5.52178505,46.0198363 0.990570093,41.0443977 0.20982243,35.2540819 C-0.00541121495,33.6576374 0.0199158879,32.0226433 0.0131869159,30.4049591 C-0.00840186916,25.2283509 0.00122429907,20.051462 0.00907476636,14.8747602 C0.0201028037,7.56781287 5.43458879,1.28271345 12.6583271,0.179836257 C20.5325327,-1.02240936 27.8939346,4.05436257 29.6020654,11.8584327 C29.9861776,13.6134737 29.9072991,15.3923743 29.908514,17.1672515 C29.9120654,22.3907368 29.9079533,27.6143158 29.9072991,32.8378012 C29.9064579,39.9954152 25.0696355,46.0359298 18.0921589,47.5814737 C17.4889813,47.7150877 16.8748692,47.7992982 16.2658972,47.9064327 L13.6490748,47.9064327 Z\" id=\"Fill-1\" fill=\"#FEFEFE\" mask=\"url(#mask-2)\"><\/path><\/g><path d=\"M17.9876449,16.5518971 C17.945028,17.2952889 17.9923178,18.0575813 17.8410093,18.7780491 C17.5287664,20.2647392 16.1068972,21.2067743 14.5940935,21.0358269 C13.1180187,20.8690901 11.9768037,19.5763649 11.9712897,18.0590784 C11.9676449,17.0472421 11.967271,16.0353123 11.9709159,15.0233825 C11.9766168,13.4158035 13.3161495,12.0698386 14.9061495,12.0692772 C16.6004486,12.0685287 17.9257757,13.3488094 17.9449346,15.0085988 C17.9508224,15.522283 17.9458692,16.0360608 17.9458692,16.5498386 C17.9597944,16.5504936 17.9737196,16.5512421 17.9876449,16.5518971\" id=\"Fill-4\" fill=\"#FEFEFE\"><\/path><\/g><\/g><\/g><\/svg>\t\t\t<\/a>\n\t\t<\/div>\n\t\t\t\t<\/div>\n\t\t\t\t<\/div>\n\t\t\t\t\t<\/div>\n\t\t<\/div>\n\t\t\t\t\t<\/div>\n\t\t<\/section>\n\t\t\t\t<section class=\"has_eae_slider elementor-section elementor-top-section elementor-element elementor-element-0c685e4 elementor-section-full_width elementor-section-height-default elementor-section-height-default\" data-id=\"0c685e4\" data-element_type=\"section\" id=\"next_section\">\n\t\t\t\t\t\t<div class=\"elementor-container elementor-column-gap-default\">\n\t\t\t\t\t<div class=\"has_eae_slider elementor-column elementor-col-50 elementor-top-column elementor-element elementor-element-32a58d7\" data-id=\"32a58d7\" data-element_type=\"column\">\n\t\t\t<div class=\"elementor-widget-wrap elementor-element-populated\">\n\t\t\t\t\t\t<div class=\"elementor-element elementor-element-ecec6fb elementor-widget elementor-widget-text-editor\" data-id=\"ecec6fb\" data-element_type=\"widget\" data-widget_type=\"text-editor.default\">\n\t\t\t\t<div class=\"elementor-widget-container\">\n\t\t\t\t\t\t\t<p>Si des changements sont n\u00e9cessaires pour r\u00e9pondre \u00e0 vos besoins, Jacaranda propose une option sur mesure aux clients potentiels afin de personnaliser la villa tant attendue avec une touche personnelle.<\/p>\n\t\t\t\t\t\t<\/div>\n\t\t\t\t<\/div>\n\t\t\t\t<div class=\"elementor-element elementor-element-61a8665 elementor-widget elementor-widget-heading\" data-id=\"61a8665\" data-element_type=\"widget\" data-widget_type=\"heading.default\">\n\t\t\t\t<div class=\"elementor-widget-container\">\n\t\t\t<h2 class=\"elementor-heading-title elementor-size-default\">\u00c9quipe Jacaranda<\/h2>\t\t<\/div>\n\t\t\t\t<\/div>\n\t\t\t\t<div class=\"elementor-element elementor-element-e231a44 elementor-align-left elementor-widget elementor-widget-button\" data-id=\"e231a44\" data-element_type=\"widget\" data-widget_type=\"button.default\">\n\t\t\t\t<div class=\"elementor-widget-container\">\n\t\t\t\t\t<div class=\"elementor-button-wrapper\">\n\t\t\t<a class=\"elementor-button elementor-button-link elementor-size-md\" href=\"https:\/\/jacarandamauritius.com\/fr\/contactez-nous\/\">\n\t\t\t\t\t\t<span class=\"elementor-button-content-wrapper\">\n\t\t\t\t\t\t\t\t\t<span class=\"elementor-button-text\">Contacter maintenant<\/span>\n\t\t\t\t\t<\/span>\n\t\t\t\t\t<\/a>\n\t\t<\/div>\n\t\t\t\t<\/div>\n\t\t\t\t<\/div>\n\t\t\t\t\t<\/div>\n\t\t<\/div>\n\t\t\t\t<div class=\"has_eae_slider elementor-column elementor-col-50 elementor-top-column elementor-element elementor-element-5e88f19\" data-id=\"5e88f19\" data-element_type=\"column\">\n\t\t\t<div class=\"elementor-widget-wrap elementor-element-populated\">\n\t\t\t\t\t\t<div class=\"elementor-element elementor-element-cedffee elementor-widget elementor-widget-image\" data-id=\"cedffee\" data-element_type=\"widget\" data-widget_type=\"image.default\">\n\t\t\t\t<div class=\"elementor-widget-container\">\n\t\t\t\t\t\t\t\t\t\t\t\t\t<img fetchpriority=\"high\" decoding=\"async\" width=\"1367\" height=\"789\" src=\"https:\/\/jacarandamauritius.com\/wp-content\/uploads\/2022\/01\/Master-Bedroom-NEXT-TO-DESCRIPTION.jpeg\" class=\"attachment-full size-full wp-image-3769\" alt=\"\" srcset=\"https:\/\/jacarandamauritius.com\/wp-content\/uploads\/2022\/01\/Master-Bedroom-NEXT-TO-DESCRIPTION.jpeg 1367w, https:\/\/jacarandamauritius.com\/wp-content\/uploads\/2022\/01\/Master-Bedroom-NEXT-TO-DESCRIPTION-300x173.jpeg 300w, https:\/\/jacarandamauritius.com\/wp-content\/uploads\/2022\/01\/Master-Bedroom-NEXT-TO-DESCRIPTION-1024x591.jpeg 1024w, https:\/\/jacarandamauritius.com\/wp-content\/uploads\/2022\/01\/Master-Bedroom-NEXT-TO-DESCRIPTION-768x443.jpeg 768w\" sizes=\"(max-width: 1367px) 100vw, 1367px\" \/>\t\t\t\t\t\t\t\t\t\t\t\t\t<\/div>\n\t\t\t\t<\/div>\n\t\t\t\t\t<\/div>\n\t\t<\/div>\n\t\t\t\t\t<\/div>\n\t\t<\/section>\n\t\t\t\t<\/div>\n\t\t","protected":false},"excerpt":{"rendered":"<p>Villa sur mesure Contacter maintenant 2260E863-7B51-4F6C-9AFC-BC4A15E19F7BCreated with sketchtool. Si des changements sont n\u00e9cessaires pour r\u00e9pondre \u00e0 vos besoins, Jacaranda propose une option sur mesure aux clients potentiels afin de personnaliser la villa tant attendue avec une touche personnelle. \u00c9quipe Jacaranda Contacter maintenant<\/p>\n","protected":false},"author":1,"featured_media":0,"parent":0,"menu_order":0,"comment_status":"closed","ping_status":"closed","template":"","meta":{"_acf_changed":false,"footnotes":""},"class_list":["post-4687","page","type-page","status-publish","hentry"],"acf":[],"yoast_head":"<!-- This site is optimized with the Yoast SEO plugin v27.6 - https:\/\/yoast.com\/product\/yoast-seo-wordpress\/ -->\n<title>Jacaranda villa - Villas priv\u00e9es de luxe \u00e0 vendre \u00e0 Maurice<\/title>\n<meta name=\"description\" content=\"Achetez une villa priv\u00e9e de luxe avec piscine dans le nord de l&#039;\u00eele Maurice, Balaclava, \u00e0 15 minutes de Grand Baie - centres commerciaux, discoth\u00e8ques, casinos, etc. R\u00e9sidences modernes avec un acc\u00e8s facile \u00e0 la plage, l&#039;oc\u00e9an et \u00e0 la nature.\" \/>\n<meta name=\"robots\" content=\"index, follow, max-snippet:-1, max-image-preview:large, max-video-preview:-1\" \/>\n<link rel=\"canonical\" href=\"https:\/\/jacarandamauritius.com\/fr\/custom-made-villa\/\" \/>\n<meta property=\"og:locale\" content=\"fr_FR\" \/>\n<meta property=\"og:type\" content=\"article\" \/>\n<meta property=\"og:title\" content=\"Jacaranda villa - Villas priv\u00e9es de luxe \u00e0 vendre \u00e0 Maurice\" \/>\n<meta property=\"og:description\" content=\"Achetez une villa priv\u00e9e de luxe avec piscine dans le nord de l&#039;\u00eele Maurice, Balaclava, \u00e0 15 minutes de Grand Baie - centres commerciaux, discoth\u00e8ques, casinos, etc. R\u00e9sidences modernes avec un acc\u00e8s facile \u00e0 la plage, l&#039;oc\u00e9an et \u00e0 la nature.\" \/>\n<meta property=\"og:url\" content=\"https:\/\/jacarandamauritius.com\/fr\/custom-made-villa\/\" \/>\n<meta property=\"og:site_name\" content=\"Jacaranda Luxury Villas\" \/>\n<meta property=\"article:modified_time\" content=\"2022-03-10T14:48:31+00:00\" \/>\n<meta property=\"og:image\" content=\"https:\/\/jacarandamauritius.com\/wp-content\/uploads\/2022\/01\/Master-Bedroom-NEXT-TO-DESCRIPTION.jpeg\" \/>\n<meta name=\"twitter:card\" content=\"summary_large_image\" \/>\n<meta name=\"twitter:title\" content=\"Jacaranda villa - Villas priv\u00e9es de luxe \u00e0 vendre \u00e0 Maurice\" \/>\n<meta name=\"twitter:description\" content=\"Achetez une villa priv\u00e9e de luxe avec piscine dans le nord de l&#039;\u00eele Maurice, Balaclava, \u00e0 15 minutes de Grand Baie - centres commerciaux, discoth\u00e8ques, casinos, etc. R\u00e9sidences modernes avec un acc\u00e8s facile \u00e0 la plage, l&#039;oc\u00e9an et \u00e0 la nature.\" \/>\n<meta name=\"twitter:label1\" content=\"Dur\u00e9e de lecture estim\u00e9e\" \/>\n\t<meta name=\"twitter:data1\" content=\"1 minute\" \/>\n<script type=\"application\/ld+json\" class=\"yoast-schema-graph\">{\"@context\":\"https:\\\/\\\/schema.org\",\"@graph\":[{\"@type\":\"WebPage\",\"@id\":\"https:\\\/\\\/jacarandamauritius.com\\\/fr\\\/custom-made-villa\\\/\",\"url\":\"https:\\\/\\\/jacarandamauritius.com\\\/fr\\\/custom-made-villa\\\/\",\"name\":\"Jacaranda villa - Villas priv\u00e9es de luxe \u00e0 vendre \u00e0 Maurice\",\"isPartOf\":{\"@id\":\"https:\\\/\\\/jacarandamauritius.com\\\/#website\"},\"primaryImageOfPage\":{\"@id\":\"https:\\\/\\\/jacarandamauritius.com\\\/fr\\\/custom-made-villa\\\/#primaryimage\"},\"image\":{\"@id\":\"https:\\\/\\\/jacarandamauritius.com\\\/fr\\\/custom-made-villa\\\/#primaryimage\"},\"thumbnailUrl\":\"https:\\\/\\\/jacarandamauritius.com\\\/wp-content\\\/uploads\\\/2022\\\/01\\\/Master-Bedroom-NEXT-TO-DESCRIPTION.jpeg\",\"datePublished\":\"2022-01-31T05:43:10+00:00\",\"dateModified\":\"2022-03-10T14:48:31+00:00\",\"description\":\"Achetez une villa priv\u00e9e de luxe avec piscine dans le nord de l'\u00eele Maurice, Balaclava, \u00e0 15 minutes de Grand Baie - centres commerciaux, discoth\u00e8ques, casinos, etc. R\u00e9sidences modernes avec un acc\u00e8s facile \u00e0 la plage, l'oc\u00e9an et \u00e0 la nature.\",\"breadcrumb\":{\"@id\":\"https:\\\/\\\/jacarandamauritius.com\\\/fr\\\/custom-made-villa\\\/#breadcrumb\"},\"inLanguage\":\"fr-FR\",\"potentialAction\":[{\"@type\":\"ReadAction\",\"target\":[\"https:\\\/\\\/jacarandamauritius.com\\\/fr\\\/custom-made-villa\\\/\"]}]},{\"@type\":\"ImageObject\",\"inLanguage\":\"fr-FR\",\"@id\":\"https:\\\/\\\/jacarandamauritius.com\\\/fr\\\/custom-made-villa\\\/#primaryimage\",\"url\":\"https:\\\/\\\/jacarandamauritius.com\\\/wp-content\\\/uploads\\\/2022\\\/01\\\/Master-Bedroom-NEXT-TO-DESCRIPTION.jpeg\",\"contentUrl\":\"https:\\\/\\\/jacarandamauritius.com\\\/wp-content\\\/uploads\\\/2022\\\/01\\\/Master-Bedroom-NEXT-TO-DESCRIPTION.jpeg\"},{\"@type\":\"BreadcrumbList\",\"@id\":\"https:\\\/\\\/jacarandamauritius.com\\\/fr\\\/custom-made-villa\\\/#breadcrumb\",\"itemListElement\":[{\"@type\":\"ListItem\",\"position\":1,\"name\":\"Home\",\"item\":\"https:\\\/\\\/jacarandamauritius.com\\\/fr\\\/\"},{\"@type\":\"ListItem\",\"position\":2,\"name\":\"Villa sur mesure\"}]},{\"@type\":\"WebSite\",\"@id\":\"https:\\\/\\\/jacarandamauritius.com\\\/#website\",\"url\":\"https:\\\/\\\/jacarandamauritius.com\\\/\",\"name\":\"Jacaranda Luxury Villas\",\"description\":\"Luxury private villas for sale in Mauritius\",\"publisher\":{\"@id\":\"https:\\\/\\\/jacarandamauritius.com\\\/#organization\"},\"potentialAction\":[{\"@type\":\"SearchAction\",\"target\":{\"@type\":\"EntryPoint\",\"urlTemplate\":\"https:\\\/\\\/jacarandamauritius.com\\\/?s={search_term_string}\"},\"query-input\":{\"@type\":\"PropertyValueSpecification\",\"valueRequired\":true,\"valueName\":\"search_term_string\"}}],\"inLanguage\":\"fr-FR\"},{\"@type\":\"Organization\",\"@id\":\"https:\\\/\\\/jacarandamauritius.com\\\/#organization\",\"name\":\"Jacaranda Luxury Villas\",\"url\":\"https:\\\/\\\/jacarandamauritius.com\\\/\",\"logo\":{\"@type\":\"ImageObject\",\"inLanguage\":\"fr-FR\",\"@id\":\"https:\\\/\\\/jacarandamauritius.com\\\/#\\\/schema\\\/logo\\\/image\\\/\",\"url\":\"https:\\\/\\\/jacarandamauritius.com\\\/wp-content\\\/uploads\\\/2022\\\/03\\\/logo2.svg\",\"contentUrl\":\"https:\\\/\\\/jacarandamauritius.com\\\/wp-content\\\/uploads\\\/2022\\\/03\\\/logo2.svg\",\"width\":199,\"height\":53,\"caption\":\"Jacaranda Luxury Villas\"},\"image\":{\"@id\":\"https:\\\/\\\/jacarandamauritius.com\\\/#\\\/schema\\\/logo\\\/image\\\/\"}}]}<\/script>\n<!-- \/ Yoast SEO plugin. -->","yoast_head_json":{"title":"Jacaranda villa - Villas priv\u00e9es de luxe \u00e0 vendre \u00e0 Maurice","description":"Achetez une villa priv\u00e9e de luxe avec piscine dans le nord de l'\u00eele Maurice, Balaclava, \u00e0 15 minutes de Grand Baie - centres commerciaux, discoth\u00e8ques, casinos, etc. R\u00e9sidences modernes avec un acc\u00e8s facile \u00e0 la plage, l'oc\u00e9an et \u00e0 la nature.","robots":{"index":"index","follow":"follow","max-snippet":"max-snippet:-1","max-image-preview":"max-image-preview:large","max-video-preview":"max-video-preview:-1"},"canonical":"https:\/\/jacarandamauritius.com\/fr\/custom-made-villa\/","og_locale":"fr_FR","og_type":"article","og_title":"Jacaranda villa - Villas priv\u00e9es de luxe \u00e0 vendre \u00e0 Maurice","og_description":"Achetez une villa priv\u00e9e de luxe avec piscine dans le nord de l'\u00eele Maurice, Balaclava, \u00e0 15 minutes de Grand Baie - centres commerciaux, discoth\u00e8ques, casinos, etc. R\u00e9sidences modernes avec un acc\u00e8s facile \u00e0 la plage, l'oc\u00e9an et \u00e0 la nature.","og_url":"https:\/\/jacarandamauritius.com\/fr\/custom-made-villa\/","og_site_name":"Jacaranda Luxury Villas","article_modified_time":"2022-03-10T14:48:31+00:00","og_image":[{"url":"https:\/\/jacarandamauritius.com\/wp-content\/uploads\/2022\/01\/Master-Bedroom-NEXT-TO-DESCRIPTION.jpeg","type":"","width":"","height":""}],"twitter_card":"summary_large_image","twitter_title":"Jacaranda villa - Villas priv\u00e9es de luxe \u00e0 vendre \u00e0 Maurice","twitter_description":"Achetez une villa priv\u00e9e de luxe avec piscine dans le nord de l'\u00eele Maurice, Balaclava, \u00e0 15 minutes de Grand Baie - centres commerciaux, discoth\u00e8ques, casinos, etc. R\u00e9sidences modernes avec un acc\u00e8s facile \u00e0 la plage, l'oc\u00e9an et \u00e0 la nature.","twitter_misc":{"Dur\u00e9e de lecture estim\u00e9e":"1 minute"},"schema":{"@context":"https:\/\/schema.org","@graph":[{"@type":"WebPage","@id":"https:\/\/jacarandamauritius.com\/fr\/custom-made-villa\/","url":"https:\/\/jacarandamauritius.com\/fr\/custom-made-villa\/","name":"Jacaranda villa - Villas priv\u00e9es de luxe \u00e0 vendre \u00e0 Maurice","isPartOf":{"@id":"https:\/\/jacarandamauritius.com\/#website"},"primaryImageOfPage":{"@id":"https:\/\/jacarandamauritius.com\/fr\/custom-made-villa\/#primaryimage"},"image":{"@id":"https:\/\/jacarandamauritius.com\/fr\/custom-made-villa\/#primaryimage"},"thumbnailUrl":"https:\/\/jacarandamauritius.com\/wp-content\/uploads\/2022\/01\/Master-Bedroom-NEXT-TO-DESCRIPTION.jpeg","datePublished":"2022-01-31T05:43:10+00:00","dateModified":"2022-03-10T14:48:31+00:00","description":"Achetez une villa priv\u00e9e de luxe avec piscine dans le nord de l'\u00eele Maurice, Balaclava, \u00e0 15 minutes de Grand Baie - centres commerciaux, discoth\u00e8ques, casinos, etc. R\u00e9sidences modernes avec un acc\u00e8s facile \u00e0 la plage, l'oc\u00e9an et \u00e0 la nature.","breadcrumb":{"@id":"https:\/\/jacarandamauritius.com\/fr\/custom-made-villa\/#breadcrumb"},"inLanguage":"fr-FR","potentialAction":[{"@type":"ReadAction","target":["https:\/\/jacarandamauritius.com\/fr\/custom-made-villa\/"]}]},{"@type":"ImageObject","inLanguage":"fr-FR","@id":"https:\/\/jacarandamauritius.com\/fr\/custom-made-villa\/#primaryimage","url":"https:\/\/jacarandamauritius.com\/wp-content\/uploads\/2022\/01\/Master-Bedroom-NEXT-TO-DESCRIPTION.jpeg","contentUrl":"https:\/\/jacarandamauritius.com\/wp-content\/uploads\/2022\/01\/Master-Bedroom-NEXT-TO-DESCRIPTION.jpeg"},{"@type":"BreadcrumbList","@id":"https:\/\/jacarandamauritius.com\/fr\/custom-made-villa\/#breadcrumb","itemListElement":[{"@type":"ListItem","position":1,"name":"Home","item":"https:\/\/jacarandamauritius.com\/fr\/"},{"@type":"ListItem","position":2,"name":"Villa sur mesure"}]},{"@type":"WebSite","@id":"https:\/\/jacarandamauritius.com\/#website","url":"https:\/\/jacarandamauritius.com\/","name":"Jacaranda Luxury Villas","description":"Luxury private villas for sale in Mauritius","publisher":{"@id":"https:\/\/jacarandamauritius.com\/#organization"},"potentialAction":[{"@type":"SearchAction","target":{"@type":"EntryPoint","urlTemplate":"https:\/\/jacarandamauritius.com\/?s={search_term_string}"},"query-input":{"@type":"PropertyValueSpecification","valueRequired":true,"valueName":"search_term_string"}}],"inLanguage":"fr-FR"},{"@type":"Organization","@id":"https:\/\/jacarandamauritius.com\/#organization","name":"Jacaranda Luxury Villas","url":"https:\/\/jacarandamauritius.com\/","logo":{"@type":"ImageObject","inLanguage":"fr-FR","@id":"https:\/\/jacarandamauritius.com\/#\/schema\/logo\/image\/","url":"https:\/\/jacarandamauritius.com\/wp-content\/uploads\/2022\/03\/logo2.svg","contentUrl":"https:\/\/jacarandamauritius.com\/wp-content\/uploads\/2022\/03\/logo2.svg","width":199,"height":53,"caption":"Jacaranda Luxury Villas"},"image":{"@id":"https:\/\/jacarandamauritius.com\/#\/schema\/logo\/image\/"}}]}},"_links":{"self":[{"href":"https:\/\/jacarandamauritius.com\/fr\/wp-json\/wp\/v2\/pages\/4687","targetHints":{"allow":["GET"]}}],"collection":[{"href":"https:\/\/jacarandamauritius.com\/fr\/wp-json\/wp\/v2\/pages"}],"about":[{"href":"https:\/\/jacarandamauritius.com\/fr\/wp-json\/wp\/v2\/types\/page"}],"author":[{"embeddable":true,"href":"https:\/\/jacarandamauritius.com\/fr\/wp-json\/wp\/v2\/users\/1"}],"replies":[{"embeddable":true,"href":"https:\/\/jacarandamauritius.com\/fr\/wp-json\/wp\/v2\/comments?post=4687"}],"version-history":[{"count":0,"href":"https:\/\/jacarandamauritius.com\/fr\/wp-json\/wp\/v2\/pages\/4687\/revisions"}],"wp:attachment":[{"href":"https:\/\/jacarandamauritius.com\/fr\/wp-json\/wp\/v2\/media?parent=4687"}],"curies":[{"name":"wp","href":"https:\/\/api.w.org\/{rel}","templated":true}]}}