{"id":3072,"date":"2022-01-15T12:29:13","date_gmt":"2022-01-15T12:29:13","guid":{"rendered":"https:\/\/jacarandamauritius.com\/acquisition-acceleree\/"},"modified":"2022-02-12T07:22:42","modified_gmt":"2022-02-12T07:22:42","slug":"acquisition-acceleree","status":"publish","type":"page","link":"https:\/\/jacarandamauritius.com\/fr\/acquisition-acceleree\/","title":{"rendered":"Une proc\u00e9dure all\u00e9g\u00e9e et rapide"},"content":{"rendered":"\t\t<div data-elementor-type=\"wp-page\" data-elementor-id=\"3072\" class=\"elementor elementor-3072 elementor-1038\">\n\t\t\t\t\t\t<section class=\"has_eae_slider elementor-section elementor-top-section elementor-element elementor-element-484ebf7 elementor-section-full_width elementor-section-height-min-height elementor-section-height-default elementor-section-items-middle\" data-id=\"484ebf7\" data-element_type=\"section\" data-settings=\"{&quot;background_background&quot;:&quot;classic&quot;}\">\n\t\t\t\t\t\t\t<div class=\"elementor-background-overlay\"><\/div>\n\t\t\t\t\t\t\t<div class=\"elementor-container elementor-column-gap-default\">\n\t\t\t\t\t<div class=\"has_eae_slider elementor-column elementor-col-100 elementor-top-column elementor-element elementor-element-808b1fe\" data-id=\"808b1fe\" data-element_type=\"column\">\n\t\t\t<div class=\"elementor-widget-wrap elementor-element-populated\">\n\t\t\t\t\t\t<div class=\"elementor-element elementor-element-10992bb elementor-widget elementor-widget-heading\" data-id=\"10992bb\" data-element_type=\"widget\" data-widget_type=\"heading.default\">\n\t\t\t\t<div class=\"elementor-widget-container\">\n\t\t\t<h1 class=\"elementor-heading-title elementor-size-default\">Une proc\u00e9dure all\u00e9g\u00e9e et rapide<\/h1>\t\t<\/div>\n\t\t\t\t<\/div>\n\t\t\t\t\t<\/div>\n\t\t<\/div>\n\t\t\t\t\t<\/div>\n\t\t<\/section>\n\t\t\t\t<section class=\"has_eae_slider elementor-section elementor-top-section elementor-element elementor-element-86a29cd elementor-section-full_width elementor-section-height-default elementor-section-height-default elementor-invisible\" data-id=\"86a29cd\" data-element_type=\"section\" data-settings=\"{&quot;animation&quot;:&quot;fadeInUp&quot;}\">\n\t\t\t\t\t\t<div class=\"elementor-container elementor-column-gap-default\">\n\t\t\t\t\t<div class=\"has_eae_slider elementor-column elementor-col-100 elementor-top-column elementor-element elementor-element-adf99da\" data-id=\"adf99da\" data-element_type=\"column\">\n\t\t\t<div class=\"elementor-widget-wrap elementor-element-populated\">\n\t\t\t\t\t\t<section class=\"has_eae_slider elementor-section elementor-inner-section elementor-element elementor-element-8623655 elementor-section-full_width up-background elementor-section-height-default elementor-section-height-default\" data-id=\"8623655\" data-element_type=\"section\" data-settings=\"{&quot;background_background&quot;:&quot;classic&quot;}\">\n\t\t\t\t\t\t\t<div class=\"elementor-background-overlay\"><\/div>\n\t\t\t\t\t\t\t<div class=\"elementor-container elementor-column-gap-default\">\n\t\t\t\t\t<div class=\"has_eae_slider elementor-column elementor-col-100 elementor-inner-column elementor-element elementor-element-4f5e7cc\" data-id=\"4f5e7cc\" data-element_type=\"column\">\n\t\t\t<div class=\"elementor-widget-wrap elementor-element-populated\">\n\t\t\t\t\t\t<div class=\"elementor-element elementor-element-629edd5 elementor-widget elementor-widget-heading\" data-id=\"629edd5\" data-element_type=\"widget\" data-widget_type=\"heading.default\">\n\t\t\t\t<div class=\"elementor-widget-container\">\n\t\t\t<h2 class=\"elementor-heading-title elementor-size-default\">Les avantages financiers d'\u00eatre un r\u00e9sident mauricien<\/h2>\t\t<\/div>\n\t\t\t\t<\/div>\n\t\t\t\t<div class=\"elementor-element elementor-element-400304d elementor-widget elementor-widget-text-editor\" data-id=\"400304d\" data-element_type=\"widget\" data-widget_type=\"text-editor.default\">\n\t\t\t\t<div class=\"elementor-widget-container\">\n\t\t\t\t\t\t\t<p>\u00catre r\u00e9sident mauricien s\u2019accompagne d\u2019avantages financiers :<\/p>\n<ul>\n<li>Accords de non double imposition avec plus de 30 pays<\/li>\n<li>Vacances fiscales et dividendes exempt\u00e9s d\u2019imp\u00f4t<\/li>\n<li>Pas de contr\u00f4le des changes<\/li>\n<li>Seulement 15% d\u2019imposition sur les soci\u00e9t\u00e9s et les personnes<\/li>\n<li>Libre rapatriement des capitaux et profits<\/li>\n<\/ul>\n<p>Pour de plus amples renseignements : <a href=\"http:\/\/www.investmauritius.com\" target=\"_blank\" rel=\"noopener\"><span style=\"color: #3b9de5;\">www.investmauritius.com<\/span><\/a><\/p>\n\t\t\t\t\t\t<\/div>\n\t\t\t\t<\/div>\n\t\t\t\t\t<\/div>\n\t\t<\/div>\n\t\t\t\t\t<\/div>\n\t\t<\/section>\n\t\t\t\t\t<\/div>\n\t\t<\/div>\n\t\t\t\t\t<\/div>\n\t\t<\/section>\n\t\t\t\t<section class=\"has_eae_slider elementor-section elementor-top-section elementor-element elementor-element-148cbe0 elementor-section-full_width elementor-section-height-default elementor-section-height-default\" data-id=\"148cbe0\" data-element_type=\"section\">\n\t\t\t\t\t\t<div class=\"elementor-container elementor-column-gap-default\">\n\t\t\t\t\t<div class=\"has_eae_slider elementor-column elementor-col-50 elementor-top-column elementor-element elementor-element-98acf34 elementor-invisible\" data-id=\"98acf34\" data-element_type=\"column\" data-settings=\"{&quot;animation&quot;:&quot;slideInUp&quot;}\">\n\t\t\t<div class=\"elementor-widget-wrap elementor-element-populated\">\n\t\t\t\t\t\t<div class=\"elementor-element elementor-element-b090fa7 elementor-widget elementor-widget-heading\" data-id=\"b090fa7\" data-element_type=\"widget\" data-widget_type=\"heading.default\">\n\t\t\t\t<div class=\"elementor-widget-container\">\n\t\t\t<h2 class=\"elementor-heading-title elementor-size-default\">Une proc\u00e9dure all\u00e9g\u00e9e et rapide<\/h2>\t\t<\/div>\n\t\t\t\t<\/div>\n\t\t\t\t<div class=\"elementor-element elementor-element-436f8ad elementor-widget elementor-widget-text-editor\" data-id=\"436f8ad\" data-element_type=\"widget\" data-widget_type=\"text-editor.default\">\n\t\t\t\t<div class=\"elementor-widget-container\">\n\t\t\t\t\t\t\t<p>Toute personne \u00e9trang\u00e8re, entit\u00e9, soci\u00e9t\u00e9 ou trust \u2013 m\u00eame op\u00e9rant en offshore \u2013 est \u00e9ligible \u00e0 l\u2019acquisition d\u2019un bien immobilier construit dans le cadre du PDS Jacaranda. La demande et l\u2019obtention du droit d\u2019acquisition se font selon une proc\u00e9dure simplifi\u00e9e, en 3 \u00e9tapes :<\/p>\n<ul>\n<li>Signature du contrat de r\u00e9servation pr\u00e9liminaire.<\/li>\n<li>Sous r\u00e9serve de l&rsquo;acheteur \u00e9ventuel fournissant tous les documents, la demande sera soumise aupr\u00e8s du Economic Development Board (EDB).<\/li>\n<li>Une fois cette demande approuv\u00e9e par le EDB, l&rsquo;acqu\u00e9reur et le vendeur peuvent signer l\u2019acte de vente devant le notaire.<\/li>\n<\/ul>\n<p><strong>Des droits de propri\u00e9t\u00e9 imm\u00e9diats<\/strong><br \/>\nUn cadre l\u00e9gal sp\u00e9cifique \u2013 un contrat de Vente en \u00c9tat Futur d\u2019Ach\u00e8vement (VEFA) &#8211; gouverne l\u2019acquisition. Sous ce contrat, l\u2019acqu\u00e9reur obtient imm\u00e9diatement les droits de propri\u00e9t\u00e9 sur le bien, sujet au paiement des versements progressifs prescrits, qui s\u2019\u00e9chelonnent de la r\u00e9servation, au fil de la construction, \u00e0 l\u2019ach\u00e8vement des travaux et la remise des cl\u00e9s.<br \/>\nLe promoteur doit, pour sa part, remettre \u00e0 l\u2019acqu\u00e9reur une Garantie Financi\u00e8re d\u2019Ach\u00e8vement (GFA). La GFA est \u00e9mise par une banque de confiance, qui tient lieu de garant de la livraison du bien, d\u00fbment achev\u00e9, par le promoteur \u00e0 l\u2019acqu\u00e9reur.<\/p>\n\t\t\t\t\t\t<\/div>\n\t\t\t\t<\/div>\n\t\t\t\t\t<\/div>\n\t\t<\/div>\n\t\t\t\t<div class=\"has_eae_slider elementor-column elementor-col-50 elementor-top-column elementor-element elementor-element-86830ee elementor-invisible\" data-id=\"86830ee\" data-element_type=\"column\" data-settings=\"{&quot;animation&quot;:&quot;slideInUp&quot;}\">\n\t\t\t<div class=\"elementor-widget-wrap elementor-element-populated\">\n\t\t\t\t\t\t<div class=\"elementor-element elementor-element-277d0d6 elementor-widget elementor-widget-image\" data-id=\"277d0d6\" data-element_type=\"widget\" data-widget_type=\"image.default\">\n\t\t\t\t<div class=\"elementor-widget-container\">\n\t\t\t\t\t\t\t\t\t\t\t\t\t<img fetchpriority=\"high\" decoding=\"async\" width=\"727\" height=\"606\" src=\"https:\/\/jacarandamauritius.com\/wp-content\/uploads\/2021\/11\/shutterstock_572018158.jpg\" class=\"attachment-full size-full wp-image-2786\" alt=\"\" srcset=\"https:\/\/jacarandamauritius.com\/wp-content\/uploads\/2021\/11\/shutterstock_572018158.jpg 727w, https:\/\/jacarandamauritius.com\/wp-content\/uploads\/2021\/11\/shutterstock_572018158-300x250.jpg 300w\" sizes=\"(max-width: 727px) 100vw, 727px\" \/>\t\t\t\t\t\t\t\t\t\t\t\t\t<\/div>\n\t\t\t\t<\/div>\n\t\t\t\t\t<\/div>\n\t\t<\/div>\n\t\t\t\t\t<\/div>\n\t\t<\/section>\n\t\t\t\t<\/div>\n\t\t","protected":false},"excerpt":{"rendered":"<p>Une proc\u00e9dure all\u00e9g\u00e9e et rapide Les avantages financiers d&rsquo;\u00eatre un r\u00e9sident mauricien \u00catre r\u00e9sident mauricien s\u2019accompagne d\u2019avantages financiers : Accords de non double imposition avec plus de 30 pays Vacances fiscales et dividendes exempt\u00e9s d\u2019imp\u00f4t Pas de contr\u00f4le des changes Seulement 15% d\u2019imposition sur les soci\u00e9t\u00e9s et les personnes Libre rapatriement des capitaux et profits [&hellip;]<\/p>\n","protected":false},"author":1,"featured_media":0,"parent":0,"menu_order":0,"comment_status":"closed","ping_status":"closed","template":"","meta":{"_acf_changed":false,"footnotes":""},"class_list":["post-3072","page","type-page","status-publish","hentry"],"acf":[],"yoast_head":"<!-- This site is optimized with the Yoast SEO plugin v27.4 - https:\/\/yoast.com\/product\/yoast-seo-wordpress\/ -->\n<title>Acquisition acc\u00e9l\u00e9r\u00e9e | Villas Jacarandas<\/title>\n<meta name=\"description\" content=\"Un contrat l\u00e9gal sp\u00e9cifique \u2013 \u00ab Vente en \u00c9tat Futur d&#039;Ach\u00e8vement (VEFA) \u00bb r\u00e9git la \u00ab vente en l&#039;\u00e9tat futur d&#039;ach\u00e8vement \u00bb : l&#039;acqu\u00e9reur obtient imm\u00e9diatement les droits de propri\u00e9t\u00e9 sous r\u00e9serve du paiement d&#039;acomptes allant de la r\u00e9servation aux travaux jusqu&#039;\u00e0 la remise des cl\u00e9s .\" \/>\n<meta name=\"robots\" content=\"index, follow, max-snippet:-1, max-image-preview:large, max-video-preview:-1\" \/>\n<link rel=\"canonical\" href=\"https:\/\/jacarandamauritius.com\/fr\/acquisition-acceleree\/\" \/>\n<meta property=\"og:locale\" content=\"fr_FR\" \/>\n<meta property=\"og:type\" content=\"article\" \/>\n<meta property=\"og:title\" content=\"Acquisition acc\u00e9l\u00e9r\u00e9e | Villas Jacarandas\" \/>\n<meta property=\"og:description\" content=\"Un contrat l\u00e9gal sp\u00e9cifique \u2013 &quot;Vente en \u00c9tat Futur d&#039;Ach\u00e8vement (VEFA)&quot; r\u00e9git la &quot; vente en l&#039;\u00e9tat futur d&#039;ach\u00e8vement &quot; : l&#039;acqu\u00e9reur obtient imm\u00e9diatement les droits de propri\u00e9t\u00e9 sous r\u00e9serve du paiement d&#039;acomptes allant de la r\u00e9servation aux travaux jusqu&#039;\u00e0 la remise des cl\u00e9s .\" \/>\n<meta property=\"og:url\" content=\"https:\/\/jacarandamauritius.com\/fr\/acquisition-acceleree\/\" \/>\n<meta property=\"og:site_name\" content=\"Jacaranda Luxury Villas\" \/>\n<meta property=\"article:modified_time\" content=\"2022-02-12T07:22:42+00:00\" \/>\n<meta property=\"og:image\" content=\"https:\/\/jacarandamauritius.com\/wp-content\/uploads\/2021\/11\/shutterstock_572018158.jpg\" \/>\n<meta name=\"twitter:card\" content=\"summary_large_image\" \/>\n<meta name=\"twitter:title\" content=\"Acquisition acc\u00e9l\u00e9r\u00e9e | Villas Jacarandas\" \/>\n<meta name=\"twitter:description\" content=\"Un contrat l\u00e9gal sp\u00e9cifique \u2013 \u00ab Vente en \u00c9tat Futur d&#039;Ach\u00e8vement (VEFA) \u00bb r\u00e9git la \u00ab vente en l&#039;\u00e9tat futur d&#039;ach\u00e8vement \u00bb : l&#039;acqu\u00e9reur obtient imm\u00e9diatement les droits de propri\u00e9t\u00e9 sous r\u00e9serve du paiement d&#039;acomptes allant de la r\u00e9servation aux travaux jusqu&#039;\u00e0 la remise des cl\u00e9s .\" \/>\n<meta name=\"twitter:label1\" content=\"Dur\u00e9e de lecture estim\u00e9e\" \/>\n\t<meta name=\"twitter:data1\" content=\"2 minutes\" \/>\n<script type=\"application\/ld+json\" class=\"yoast-schema-graph\">{\"@context\":\"https:\\\/\\\/schema.org\",\"@graph\":[{\"@type\":\"WebPage\",\"@id\":\"https:\\\/\\\/jacarandamauritius.com\\\/fr\\\/acquisition-acceleree\\\/\",\"url\":\"https:\\\/\\\/jacarandamauritius.com\\\/fr\\\/acquisition-acceleree\\\/\",\"name\":\"Acquisition acc\u00e9l\u00e9r\u00e9e | Villas Jacarandas\",\"isPartOf\":{\"@id\":\"https:\\\/\\\/jacarandamauritius.com\\\/#website\"},\"primaryImageOfPage\":{\"@id\":\"https:\\\/\\\/jacarandamauritius.com\\\/fr\\\/acquisition-acceleree\\\/#primaryimage\"},\"image\":{\"@id\":\"https:\\\/\\\/jacarandamauritius.com\\\/fr\\\/acquisition-acceleree\\\/#primaryimage\"},\"thumbnailUrl\":\"https:\\\/\\\/jacarandamauritius.com\\\/wp-content\\\/uploads\\\/2021\\\/11\\\/shutterstock_572018158.jpg\",\"datePublished\":\"2022-01-15T12:29:13+00:00\",\"dateModified\":\"2022-02-12T07:22:42+00:00\",\"description\":\"Un contrat l\u00e9gal sp\u00e9cifique \u2013 \u00ab Vente en \u00c9tat Futur d'Ach\u00e8vement (VEFA) \u00bb r\u00e9git la \u00ab vente en l'\u00e9tat futur d'ach\u00e8vement \u00bb : l'acqu\u00e9reur obtient imm\u00e9diatement les droits de propri\u00e9t\u00e9 sous r\u00e9serve du paiement d'acomptes allant de la r\u00e9servation aux travaux jusqu'\u00e0 la remise des cl\u00e9s .\",\"breadcrumb\":{\"@id\":\"https:\\\/\\\/jacarandamauritius.com\\\/fr\\\/acquisition-acceleree\\\/#breadcrumb\"},\"inLanguage\":\"fr-FR\",\"potentialAction\":[{\"@type\":\"ReadAction\",\"target\":[\"https:\\\/\\\/jacarandamauritius.com\\\/fr\\\/acquisition-acceleree\\\/\"]}]},{\"@type\":\"ImageObject\",\"inLanguage\":\"fr-FR\",\"@id\":\"https:\\\/\\\/jacarandamauritius.com\\\/fr\\\/acquisition-acceleree\\\/#primaryimage\",\"url\":\"https:\\\/\\\/jacarandamauritius.com\\\/wp-content\\\/uploads\\\/2021\\\/11\\\/shutterstock_572018158.jpg\",\"contentUrl\":\"https:\\\/\\\/jacarandamauritius.com\\\/wp-content\\\/uploads\\\/2021\\\/11\\\/shutterstock_572018158.jpg\"},{\"@type\":\"BreadcrumbList\",\"@id\":\"https:\\\/\\\/jacarandamauritius.com\\\/fr\\\/acquisition-acceleree\\\/#breadcrumb\",\"itemListElement\":[{\"@type\":\"ListItem\",\"position\":1,\"name\":\"Home\",\"item\":\"https:\\\/\\\/jacarandamauritius.com\\\/fr\\\/\"},{\"@type\":\"ListItem\",\"position\":2,\"name\":\"Une proc\u00e9dure all\u00e9g\u00e9e et rapide\"}]},{\"@type\":\"WebSite\",\"@id\":\"https:\\\/\\\/jacarandamauritius.com\\\/#website\",\"url\":\"https:\\\/\\\/jacarandamauritius.com\\\/\",\"name\":\"Jacaranda Luxury Villas\",\"description\":\"Luxury private villas for sale in Mauritius\",\"publisher\":{\"@id\":\"https:\\\/\\\/jacarandamauritius.com\\\/#organization\"},\"potentialAction\":[{\"@type\":\"SearchAction\",\"target\":{\"@type\":\"EntryPoint\",\"urlTemplate\":\"https:\\\/\\\/jacarandamauritius.com\\\/?s={search_term_string}\"},\"query-input\":{\"@type\":\"PropertyValueSpecification\",\"valueRequired\":true,\"valueName\":\"search_term_string\"}}],\"inLanguage\":\"fr-FR\"},{\"@type\":\"Organization\",\"@id\":\"https:\\\/\\\/jacarandamauritius.com\\\/#organization\",\"name\":\"Jacaranda Luxury Villas\",\"url\":\"https:\\\/\\\/jacarandamauritius.com\\\/\",\"logo\":{\"@type\":\"ImageObject\",\"inLanguage\":\"fr-FR\",\"@id\":\"https:\\\/\\\/jacarandamauritius.com\\\/#\\\/schema\\\/logo\\\/image\\\/\",\"url\":\"https:\\\/\\\/jacarandamauritius.com\\\/wp-content\\\/uploads\\\/2022\\\/03\\\/logo2.svg\",\"contentUrl\":\"https:\\\/\\\/jacarandamauritius.com\\\/wp-content\\\/uploads\\\/2022\\\/03\\\/logo2.svg\",\"width\":199,\"height\":53,\"caption\":\"Jacaranda Luxury Villas\"},\"image\":{\"@id\":\"https:\\\/\\\/jacarandamauritius.com\\\/#\\\/schema\\\/logo\\\/image\\\/\"}}]}<\/script>\n<!-- \/ Yoast SEO plugin. -->","yoast_head_json":{"title":"Acquisition acc\u00e9l\u00e9r\u00e9e | Villas Jacarandas","description":"Un contrat l\u00e9gal sp\u00e9cifique \u2013 \u00ab Vente en \u00c9tat Futur d'Ach\u00e8vement (VEFA) \u00bb r\u00e9git la \u00ab vente en l'\u00e9tat futur d'ach\u00e8vement \u00bb : l'acqu\u00e9reur obtient imm\u00e9diatement les droits de propri\u00e9t\u00e9 sous r\u00e9serve du paiement d'acomptes allant de la r\u00e9servation aux travaux jusqu'\u00e0 la remise des cl\u00e9s .","robots":{"index":"index","follow":"follow","max-snippet":"max-snippet:-1","max-image-preview":"max-image-preview:large","max-video-preview":"max-video-preview:-1"},"canonical":"https:\/\/jacarandamauritius.com\/fr\/acquisition-acceleree\/","og_locale":"fr_FR","og_type":"article","og_title":"Acquisition acc\u00e9l\u00e9r\u00e9e | Villas Jacarandas","og_description":"Un contrat l\u00e9gal sp\u00e9cifique \u2013 \"Vente en \u00c9tat Futur d'Ach\u00e8vement (VEFA)\" r\u00e9git la \" vente en l'\u00e9tat futur d'ach\u00e8vement \" : l'acqu\u00e9reur obtient imm\u00e9diatement les droits de propri\u00e9t\u00e9 sous r\u00e9serve du paiement d'acomptes allant de la r\u00e9servation aux travaux jusqu'\u00e0 la remise des cl\u00e9s .","og_url":"https:\/\/jacarandamauritius.com\/fr\/acquisition-acceleree\/","og_site_name":"Jacaranda Luxury Villas","article_modified_time":"2022-02-12T07:22:42+00:00","og_image":[{"url":"https:\/\/jacarandamauritius.com\/wp-content\/uploads\/2021\/11\/shutterstock_572018158.jpg","type":"","width":"","height":""}],"twitter_card":"summary_large_image","twitter_title":"Acquisition acc\u00e9l\u00e9r\u00e9e | Villas Jacarandas","twitter_description":"Un contrat l\u00e9gal sp\u00e9cifique \u2013 \u00ab Vente en \u00c9tat Futur d'Ach\u00e8vement (VEFA) \u00bb r\u00e9git la \u00ab vente en l'\u00e9tat futur d'ach\u00e8vement \u00bb : l'acqu\u00e9reur obtient imm\u00e9diatement les droits de propri\u00e9t\u00e9 sous r\u00e9serve du paiement d'acomptes allant de la r\u00e9servation aux travaux jusqu'\u00e0 la remise des cl\u00e9s .","twitter_misc":{"Dur\u00e9e de lecture estim\u00e9e":"2 minutes"},"schema":{"@context":"https:\/\/schema.org","@graph":[{"@type":"WebPage","@id":"https:\/\/jacarandamauritius.com\/fr\/acquisition-acceleree\/","url":"https:\/\/jacarandamauritius.com\/fr\/acquisition-acceleree\/","name":"Acquisition acc\u00e9l\u00e9r\u00e9e | Villas Jacarandas","isPartOf":{"@id":"https:\/\/jacarandamauritius.com\/#website"},"primaryImageOfPage":{"@id":"https:\/\/jacarandamauritius.com\/fr\/acquisition-acceleree\/#primaryimage"},"image":{"@id":"https:\/\/jacarandamauritius.com\/fr\/acquisition-acceleree\/#primaryimage"},"thumbnailUrl":"https:\/\/jacarandamauritius.com\/wp-content\/uploads\/2021\/11\/shutterstock_572018158.jpg","datePublished":"2022-01-15T12:29:13+00:00","dateModified":"2022-02-12T07:22:42+00:00","description":"Un contrat l\u00e9gal sp\u00e9cifique \u2013 \u00ab Vente en \u00c9tat Futur d'Ach\u00e8vement (VEFA) \u00bb r\u00e9git la \u00ab vente en l'\u00e9tat futur d'ach\u00e8vement \u00bb : l'acqu\u00e9reur obtient imm\u00e9diatement les droits de propri\u00e9t\u00e9 sous r\u00e9serve du paiement d'acomptes allant de la r\u00e9servation aux travaux jusqu'\u00e0 la remise des cl\u00e9s .","breadcrumb":{"@id":"https:\/\/jacarandamauritius.com\/fr\/acquisition-acceleree\/#breadcrumb"},"inLanguage":"fr-FR","potentialAction":[{"@type":"ReadAction","target":["https:\/\/jacarandamauritius.com\/fr\/acquisition-acceleree\/"]}]},{"@type":"ImageObject","inLanguage":"fr-FR","@id":"https:\/\/jacarandamauritius.com\/fr\/acquisition-acceleree\/#primaryimage","url":"https:\/\/jacarandamauritius.com\/wp-content\/uploads\/2021\/11\/shutterstock_572018158.jpg","contentUrl":"https:\/\/jacarandamauritius.com\/wp-content\/uploads\/2021\/11\/shutterstock_572018158.jpg"},{"@type":"BreadcrumbList","@id":"https:\/\/jacarandamauritius.com\/fr\/acquisition-acceleree\/#breadcrumb","itemListElement":[{"@type":"ListItem","position":1,"name":"Home","item":"https:\/\/jacarandamauritius.com\/fr\/"},{"@type":"ListItem","position":2,"name":"Une proc\u00e9dure all\u00e9g\u00e9e et rapide"}]},{"@type":"WebSite","@id":"https:\/\/jacarandamauritius.com\/#website","url":"https:\/\/jacarandamauritius.com\/","name":"Jacaranda Luxury Villas","description":"Luxury private villas for sale in Mauritius","publisher":{"@id":"https:\/\/jacarandamauritius.com\/#organization"},"potentialAction":[{"@type":"SearchAction","target":{"@type":"EntryPoint","urlTemplate":"https:\/\/jacarandamauritius.com\/?s={search_term_string}"},"query-input":{"@type":"PropertyValueSpecification","valueRequired":true,"valueName":"search_term_string"}}],"inLanguage":"fr-FR"},{"@type":"Organization","@id":"https:\/\/jacarandamauritius.com\/#organization","name":"Jacaranda Luxury Villas","url":"https:\/\/jacarandamauritius.com\/","logo":{"@type":"ImageObject","inLanguage":"fr-FR","@id":"https:\/\/jacarandamauritius.com\/#\/schema\/logo\/image\/","url":"https:\/\/jacarandamauritius.com\/wp-content\/uploads\/2022\/03\/logo2.svg","contentUrl":"https:\/\/jacarandamauritius.com\/wp-content\/uploads\/2022\/03\/logo2.svg","width":199,"height":53,"caption":"Jacaranda Luxury Villas"},"image":{"@id":"https:\/\/jacarandamauritius.com\/#\/schema\/logo\/image\/"}}]}},"_links":{"self":[{"href":"https:\/\/jacarandamauritius.com\/fr\/wp-json\/wp\/v2\/pages\/3072","targetHints":{"allow":["GET"]}}],"collection":[{"href":"https:\/\/jacarandamauritius.com\/fr\/wp-json\/wp\/v2\/pages"}],"about":[{"href":"https:\/\/jacarandamauritius.com\/fr\/wp-json\/wp\/v2\/types\/page"}],"author":[{"embeddable":true,"href":"https:\/\/jacarandamauritius.com\/fr\/wp-json\/wp\/v2\/users\/1"}],"replies":[{"embeddable":true,"href":"https:\/\/jacarandamauritius.com\/fr\/wp-json\/wp\/v2\/comments?post=3072"}],"version-history":[{"count":0,"href":"https:\/\/jacarandamauritius.com\/fr\/wp-json\/wp\/v2\/pages\/3072\/revisions"}],"wp:attachment":[{"href":"https:\/\/jacarandamauritius.com\/fr\/wp-json\/wp\/v2\/media?parent=3072"}],"curies":[{"name":"wp","href":"https:\/\/api.w.org\/{rel}","templated":true}]}}