{"id":3055,"date":"2022-01-15T12:17:47","date_gmt":"2022-01-15T12:17:47","guid":{"rendered":"https:\/\/jacarandamauritius.com\/installations\/"},"modified":"2022-02-12T07:11:43","modified_gmt":"2022-02-12T07:11:43","slug":"facilites","status":"publish","type":"page","link":"https:\/\/jacarandamauritius.com\/fr\/facilites\/","title":{"rendered":"Facilit\u00e9s"},"content":{"rendered":"\t\t<div data-elementor-type=\"wp-page\" data-elementor-id=\"3055\" class=\"elementor elementor-3055 elementor-968\">\n\t\t\t\t\t\t<section class=\"has_eae_slider elementor-section elementor-top-section elementor-element elementor-element-6365b90 elementor-section-full_width elementor-section-height-min-height elementor-section-content-middle elementor-section-height-default elementor-section-items-middle\" data-id=\"6365b90\" data-element_type=\"section\" data-settings=\"{&quot;background_background&quot;:&quot;classic&quot;}\">\n\t\t\t\t\t\t\t<div class=\"elementor-background-overlay\"><\/div>\n\t\t\t\t\t\t\t<div class=\"elementor-container elementor-column-gap-default\">\n\t\t\t\t\t<div class=\"has_eae_slider elementor-column elementor-col-100 elementor-top-column elementor-element elementor-element-76cd3d1\" data-id=\"76cd3d1\" data-element_type=\"column\">\n\t\t\t<div class=\"elementor-widget-wrap elementor-element-populated\">\n\t\t\t\t\t\t<section class=\"has_eae_slider elementor-section elementor-inner-section elementor-element elementor-element-bebd815 elementor-section-boxed elementor-section-height-default elementor-section-height-default\" data-id=\"bebd815\" data-element_type=\"section\">\n\t\t\t\t\t\t<div class=\"elementor-container elementor-column-gap-default\">\n\t\t\t\t\t<div class=\"has_eae_slider elementor-column elementor-col-100 elementor-inner-column elementor-element elementor-element-8212129\" data-id=\"8212129\" data-element_type=\"column\">\n\t\t\t<div class=\"elementor-widget-wrap elementor-element-populated\">\n\t\t\t\t\t\t<div class=\"elementor-element elementor-element-dd93a7c elementor-widget elementor-widget-heading\" data-id=\"dd93a7c\" data-element_type=\"widget\" data-widget_type=\"heading.default\">\n\t\t\t\t<div class=\"elementor-widget-container\">\n\t\t\t<h1 class=\"elementor-heading-title elementor-size-default\">Facilit\u00e9s<\/h1>\t\t<\/div>\n\t\t\t\t<\/div>\n\t\t\t\t\t<\/div>\n\t\t<\/div>\n\t\t\t\t\t<\/div>\n\t\t<\/section>\n\t\t\t\t\t<\/div>\n\t\t<\/div>\n\t\t\t\t\t<\/div>\n\t\t<\/section>\n\t\t\t\t<section class=\"has_eae_slider elementor-section elementor-top-section elementor-element elementor-element-6be6c5f elementor-section-full_width elementor-section-height-default elementor-section-height-default\" data-id=\"6be6c5f\" data-element_type=\"section\">\n\t\t\t\t\t\t<div class=\"elementor-container elementor-column-gap-default\">\n\t\t\t\t\t<div class=\"has_eae_slider elementor-column elementor-col-100 elementor-top-column elementor-element elementor-element-ebeb15f\" data-id=\"ebeb15f\" data-element_type=\"column\">\n\t\t\t<div class=\"elementor-widget-wrap elementor-element-populated\">\n\t\t\t\t\t\t<section class=\"has_eae_slider elementor-section elementor-inner-section elementor-element elementor-element-c06a3a8 elementor-section-boxed elementor-section-height-default elementor-section-height-default\" data-id=\"c06a3a8\" data-element_type=\"section\">\n\t\t\t\t\t\t<div class=\"elementor-container elementor-column-gap-default\">\n\t\t\t\t\t<div class=\"has_eae_slider elementor-column elementor-col-100 elementor-inner-column elementor-element elementor-element-aecde90\" data-id=\"aecde90\" data-element_type=\"column\">\n\t\t\t<div class=\"elementor-widget-wrap elementor-element-populated\">\n\t\t\t\t\t\t<div class=\"elementor-element elementor-element-6f34df3 elementor-icon-list--layout-inline elementor-list-item-link-inline elementor-align-center elementor-widget elementor-widget-icon-list\" data-id=\"6f34df3\" data-element_type=\"widget\" data-widget_type=\"icon-list.default\">\n\t\t\t\t<div class=\"elementor-widget-container\">\n\t\t\t\t\t<ul class=\"elementor-icon-list-items elementor-inline-items\">\n\t\t\t\t\t\t\t<li class=\"elementor-icon-list-item elementor-inline-item\">\n\t\t\t\t\t\t\t\t\t\t\t<a href=\"#restaurant\">\n\n\t\t\t\t\t\t\t\t\t\t\t<span class=\"elementor-icon-list-text\">Restaurant<\/span>\n\t\t\t\t\t\t\t\t\t\t\t<\/a>\n\t\t\t\t\t\t\t\t\t<\/li>\n\t\t\t\t\t\t\t\t<li class=\"elementor-icon-list-item elementor-inline-item\">\n\t\t\t\t\t\t\t\t\t\t\t<a href=\"#healthy-active-lifestyle\">\n\n\t\t\t\t\t\t\t\t\t\t\t<span class=\"elementor-icon-list-text\">Un style de vie actif et sain<\/span>\n\t\t\t\t\t\t\t\t\t\t\t<\/a>\n\t\t\t\t\t\t\t\t\t<\/li>\n\t\t\t\t\t\t\t\t<li class=\"elementor-icon-list-item elementor-inline-item\">\n\t\t\t\t\t\t\t\t\t\t\t<a href=\"#holistic-well-being\">\n\n\t\t\t\t\t\t\t\t\t\t\t<span class=\"elementor-icon-list-text\">Bien-\u00eatre holistique<\/span>\n\t\t\t\t\t\t\t\t\t\t\t<\/a>\n\t\t\t\t\t\t\t\t\t<\/li>\n\t\t\t\t\t\t<\/ul>\n\t\t\t\t<\/div>\n\t\t\t\t<\/div>\n\t\t\t\t\t<\/div>\n\t\t<\/div>\n\t\t\t\t\t<\/div>\n\t\t<\/section>\n\t\t\t\t\t<\/div>\n\t\t<\/div>\n\t\t\t\t\t<\/div>\n\t\t<\/section>\n\t\t\t\t<section class=\"has_eae_slider elementor-section elementor-top-section elementor-element elementor-element-484a040 up-background elementor-section-boxed elementor-section-height-default elementor-section-height-default\" data-id=\"484a040\" data-element_type=\"section\" id=\"restaurant\">\n\t\t\t\t\t\t\t<div class=\"elementor-background-overlay\"><\/div>\n\t\t\t\t\t\t\t<div class=\"elementor-container elementor-column-gap-default\">\n\t\t\t\t\t<div class=\"has_eae_slider elementor-column elementor-col-50 elementor-top-column elementor-element elementor-element-e0c304b elementor-invisible\" data-id=\"e0c304b\" data-element_type=\"column\" data-settings=\"{&quot;animation&quot;:&quot;slideInUp&quot;,&quot;animation_delay&quot;:200}\">\n\t\t\t<div class=\"elementor-widget-wrap elementor-element-populated\">\n\t\t\t\t\t\t<div class=\"elementor-element elementor-element-2e1bb14 elementor-widget elementor-widget-heading\" data-id=\"2e1bb14\" data-element_type=\"widget\" data-widget_type=\"heading.default\">\n\t\t\t\t<div class=\"elementor-widget-container\">\n\t\t\t<h2 class=\"elementor-heading-title elementor-size-default\">Restaurant<\/h2>\t\t<\/div>\n\t\t\t\t<\/div>\n\t\t\t\t<div class=\"elementor-element elementor-element-a8f4ac9 elementor-widget elementor-widget-text-editor\" data-id=\"a8f4ac9\" data-element_type=\"widget\" data-widget_type=\"text-editor.default\">\n\t\t\t\t<div class=\"elementor-widget-container\">\n\t\t\t\t\t\t\t<p>Le restaurant de Jacaranda fait partie de la zone commerciale avec d&rsquo;autres installations. Il comprend 2 salles \u00e0 manger spacieuses proposant des d\u00e9lices \u00e9picuriens d\u00e9di\u00e9s \u00e0 la gastronomie asiatique et europ\u00e9enne.<\/p>\n<p>Les r\u00e9sidents qui ont besoin d&rsquo;accueillir des fonctions pour un plus grand nombre d&rsquo;invit\u00e9s peuvent \u00e9galement utiliser cet endroit.<\/p>\n\t\t\t\t\t\t<\/div>\n\t\t\t\t<\/div>\n\t\t\t\t\t<\/div>\n\t\t<\/div>\n\t\t\t\t<div class=\"has_eae_slider elementor-column elementor-col-50 elementor-top-column elementor-element elementor-element-b2ae183\" data-id=\"b2ae183\" data-element_type=\"column\">\n\t\t\t<div class=\"elementor-widget-wrap elementor-element-populated\">\n\t\t\t\t\t\t<div class=\"elementor-element elementor-element-61fa218 elementor-invisible elementor-widget elementor-widget-image\" data-id=\"61fa218\" data-element_type=\"widget\" data-settings=\"{&quot;_animation&quot;:&quot;slideInUp&quot;,&quot;_animation_delay&quot;:100}\" data-widget_type=\"image.default\">\n\t\t\t\t<div class=\"elementor-widget-container\">\n\t\t\t\t\t\t\t\t\t\t\t\t\t<img fetchpriority=\"high\" decoding=\"async\" width=\"643\" height=\"536\" src=\"https:\/\/jacarandamauritius.com\/wp-content\/uploads\/2021\/11\/jacaranda-restaurant-1.jpg\" class=\"attachment-full size-full wp-image-2780\" alt=\"\u9910\u5ef3\" srcset=\"https:\/\/jacarandamauritius.com\/wp-content\/uploads\/2021\/11\/jacaranda-restaurant-1.jpg 643w, https:\/\/jacarandamauritius.com\/wp-content\/uploads\/2021\/11\/jacaranda-restaurant-1-300x250.jpg 300w\" sizes=\"(max-width: 643px) 100vw, 643px\" \/>\t\t\t\t\t\t\t\t\t\t\t\t\t<\/div>\n\t\t\t\t<\/div>\n\t\t\t\t\t<\/div>\n\t\t<\/div>\n\t\t\t\t\t<\/div>\n\t\t<\/section>\n\t\t\t\t<section class=\"has_eae_slider elementor-section elementor-top-section elementor-element elementor-element-f5b09a5 elementor-reverse-mobile elementor-section-boxed elementor-section-height-default elementor-section-height-default\" data-id=\"f5b09a5\" data-element_type=\"section\" id=\"healthy-active-lifestyle\">\n\t\t\t\t\t\t<div class=\"elementor-container elementor-column-gap-default\">\n\t\t\t\t\t<div class=\"has_eae_slider elementor-column elementor-col-50 elementor-top-column elementor-element elementor-element-fbf33f8\" data-id=\"fbf33f8\" data-element_type=\"column\">\n\t\t\t<div class=\"elementor-widget-wrap elementor-element-populated\">\n\t\t\t\t\t\t<div class=\"elementor-element elementor-element-00ee193 elementor-invisible elementor-widget elementor-widget-image\" data-id=\"00ee193\" data-element_type=\"widget\" data-settings=\"{&quot;_animation&quot;:&quot;slideInUp&quot;,&quot;_animation_delay&quot;:300}\" data-widget_type=\"image.default\">\n\t\t\t\t<div class=\"elementor-widget-container\">\n\t\t\t\t\t\t\t\t\t\t\t\t\t<img decoding=\"async\" width=\"643\" height=\"536\" src=\"https:\/\/jacarandamauritius.com\/wp-content\/uploads\/2021\/11\/our-facilities-golf-at-jacaranda-villa.jpg\" class=\"attachment-full size-full wp-image-2788\" alt=\"\" srcset=\"https:\/\/jacarandamauritius.com\/wp-content\/uploads\/2021\/11\/our-facilities-golf-at-jacaranda-villa.jpg 643w, https:\/\/jacarandamauritius.com\/wp-content\/uploads\/2021\/11\/our-facilities-golf-at-jacaranda-villa-300x250.jpg 300w\" sizes=\"(max-width: 643px) 100vw, 643px\" \/>\t\t\t\t\t\t\t\t\t\t\t\t\t<\/div>\n\t\t\t\t<\/div>\n\t\t\t\t\t<\/div>\n\t\t<\/div>\n\t\t\t\t<div class=\"has_eae_slider elementor-column elementor-col-50 elementor-top-column elementor-element elementor-element-ec27420 elementor-invisible\" data-id=\"ec27420\" data-element_type=\"column\" data-settings=\"{&quot;animation&quot;:&quot;slideInUp&quot;,&quot;animation_delay&quot;:200}\">\n\t\t\t<div class=\"elementor-widget-wrap elementor-element-populated\">\n\t\t\t\t\t\t<div class=\"elementor-element elementor-element-75506cd elementor-widget elementor-widget-heading\" data-id=\"75506cd\" data-element_type=\"widget\" data-widget_type=\"heading.default\">\n\t\t\t\t<div class=\"elementor-widget-container\">\n\t\t\t<h2 class=\"elementor-heading-title elementor-size-default\">Un style de vie actif et sain<\/h2>\t\t<\/div>\n\t\t\t\t<\/div>\n\t\t\t\t<div class=\"elementor-element elementor-element-d2ccec9 elementor-widget elementor-widget-text-editor\" data-id=\"d2ccec9\" data-element_type=\"widget\" data-widget_type=\"text-editor.default\">\n\t\t\t\t<div class=\"elementor-widget-container\">\n\t\t\t\t\t\t\t<p>Jacaranda comprend une salle de fitness moderne. Cet espace confortable, d\u00e9di\u00e9 aux activit\u00e9s physiques, a pour but de permettre aux r\u00e9sidents de maintenir leur r\u00e9gime d\u2019activit\u00e9s physiques habituel, r\u00e9veiller le corps apr\u00e8s une journ\u00e9e de rel\u00e2che ou se d\u00e9faire de la tension d\u2019une journ\u00e9e de travail.<\/p>\n<p>Les facilit\u00e9s et les services offerts par la salle de fitness comprennent :<\/p>\n<ul>\n<li>Un court de tennis en terre battue, avec \u00e9clairage nocturne<\/li>\n<li>Un espace spacieux avec des appareils de musculation et de cardio, ouvert 24h\/24 et 7j\/7<\/li>\n<li>Une terrasse ext\u00e9rieure \u00e0 usages multiples<\/li>\n<li>Un coach professionnel \u00e0 disposition<\/li>\n<li>Des instructeurs externes d\u00e9di\u00e9s aux classes de yoga et de zumba<\/li>\n<li>Un golf<\/li>\n<li>Une piscine<\/li>\n<li>Un Club-House<\/li>\n<\/ul>\n\t\t\t\t\t\t<\/div>\n\t\t\t\t<\/div>\n\t\t\t\t\t<\/div>\n\t\t<\/div>\n\t\t\t\t\t<\/div>\n\t\t<\/section>\n\t\t\t\t<section class=\"has_eae_slider elementor-section elementor-top-section elementor-element elementor-element-60ce037 elementor-section-boxed elementor-section-height-default elementor-section-height-default\" data-id=\"60ce037\" data-element_type=\"section\" id=\"holistic-well-being\">\n\t\t\t\t\t\t\t<div class=\"elementor-background-overlay\"><\/div>\n\t\t\t\t\t\t\t<div class=\"elementor-container elementor-column-gap-default\">\n\t\t\t\t\t<div class=\"has_eae_slider elementor-column elementor-col-50 elementor-top-column elementor-element elementor-element-5b79c99 elementor-invisible\" data-id=\"5b79c99\" data-element_type=\"column\" data-settings=\"{&quot;animation&quot;:&quot;slideInUp&quot;,&quot;animation_delay&quot;:200}\">\n\t\t\t<div class=\"elementor-widget-wrap elementor-element-populated\">\n\t\t\t\t\t\t<div class=\"elementor-element elementor-element-ee62cd4 elementor-widget elementor-widget-heading\" data-id=\"ee62cd4\" data-element_type=\"widget\" data-widget_type=\"heading.default\">\n\t\t\t\t<div class=\"elementor-widget-container\">\n\t\t\t<h2 class=\"elementor-heading-title elementor-size-default\">Bien-\u00eatre holistique<\/h2>\t\t<\/div>\n\t\t\t\t<\/div>\n\t\t\t\t<div class=\"elementor-element elementor-element-d04c5ec elementor-widget elementor-widget-text-editor\" data-id=\"d04c5ec\" data-element_type=\"widget\" data-widget_type=\"text-editor.default\">\n\t\t\t\t<div class=\"elementor-widget-container\">\n\t\t\t\t\t\t\t<p>\u200bJacaranda comprend un luxueux spa avec sauna, hammam et jacuzzi. Diff\u00e9rentes pratiques ancestrales et de soins signature sont appliqu\u00e9s selon diff\u00e9rentes techniques, mais qui ont en commun une finalit\u00e9 : d\u00e9tendre, r\u00e9conforter et revigorer.<\/p>\n\t\t\t\t\t\t<\/div>\n\t\t\t\t<\/div>\n\t\t\t\t\t<\/div>\n\t\t<\/div>\n\t\t\t\t<div class=\"has_eae_slider elementor-column elementor-col-50 elementor-top-column elementor-element elementor-element-d404063\" data-id=\"d404063\" data-element_type=\"column\">\n\t\t\t<div class=\"elementor-widget-wrap elementor-element-populated\">\n\t\t\t\t\t\t<div class=\"elementor-element elementor-element-1239d20 elementor-invisible elementor-widget elementor-widget-image\" data-id=\"1239d20\" data-element_type=\"widget\" data-settings=\"{&quot;_animation&quot;:&quot;slideInUp&quot;,&quot;_animation_delay&quot;:300}\" data-widget_type=\"image.default\">\n\t\t\t\t<div class=\"elementor-widget-container\">\n\t\t\t\t\t\t\t\t\t\t\t\t\t<img decoding=\"async\" width=\"643\" height=\"536\" src=\"https:\/\/jacarandamauritius.com\/wp-content\/uploads\/2021\/11\/hostistic-well-being-1.jpg\" class=\"attachment-full size-full wp-image-2790\" alt=\"\" srcset=\"https:\/\/jacarandamauritius.com\/wp-content\/uploads\/2021\/11\/hostistic-well-being-1.jpg 643w, https:\/\/jacarandamauritius.com\/wp-content\/uploads\/2021\/11\/hostistic-well-being-1-300x250.jpg 300w\" sizes=\"(max-width: 643px) 100vw, 643px\" \/>\t\t\t\t\t\t\t\t\t\t\t\t\t<\/div>\n\t\t\t\t<\/div>\n\t\t\t\t\t<\/div>\n\t\t<\/div>\n\t\t\t\t\t<\/div>\n\t\t<\/section>\n\t\t\t\t<\/div>\n\t\t","protected":false},"excerpt":{"rendered":"<p>Facilit\u00e9s Restaurant Un style de vie actif et sain Bien-\u00eatre holistique Restaurant Le restaurant de Jacaranda fait partie de la zone commerciale avec d&rsquo;autres installations. Il comprend 2 salles \u00e0 manger spacieuses proposant des d\u00e9lices \u00e9picuriens d\u00e9di\u00e9s \u00e0 la gastronomie asiatique et europ\u00e9enne. Les r\u00e9sidents qui ont besoin d&rsquo;accueillir des fonctions pour un plus grand [&hellip;]<\/p>\n","protected":false},"author":1,"featured_media":0,"parent":0,"menu_order":0,"comment_status":"closed","ping_status":"closed","template":"","meta":{"_acf_changed":false,"footnotes":""},"class_list":["post-3055","page","type-page","status-publish","hentry"],"acf":[],"yoast_head":"<!-- This site is optimized with the Yoast SEO plugin v27.4 - https:\/\/yoast.com\/product\/yoast-seo-wordpress\/ -->\n<title>Les facilit\u00e9s, les advantages d&#039;acheter une villa \u00e0 l&#039;Ile Maurice | Jacaranda villa<\/title>\n<meta name=\"description\" content=\"Les residents auront un acc\u00e8s privil\u00e9gi\u00e9 aux facilit\u00e9s qu&#039;offre Jacaranda villa: restaurant, centre de fitness, golf, piscine, clubhouse, spa de luxe - sauna, hammam, jacuzzi...\" \/>\n<meta name=\"robots\" content=\"index, follow, max-snippet:-1, max-image-preview:large, max-video-preview:-1\" \/>\n<link rel=\"canonical\" href=\"https:\/\/jacarandamauritius.com\/fr\/facilites\/\" \/>\n<meta property=\"og:locale\" content=\"fr_FR\" \/>\n<meta property=\"og:type\" content=\"article\" \/>\n<meta property=\"og:title\" content=\"Les facilit\u00e9s, les advantages d&#039;acheter une villa \u00e0 l&#039;Ile Maurice | Jacaranda villa\" \/>\n<meta property=\"og:description\" content=\"Les residents auront un acc\u00e8s privil\u00e9gi\u00e9 aux facilit\u00e9s qu&#039;offre Jacaranda villa: restaurant, centre de fitness, golf, piscine, clubhouse, spa de luxe - sauna, hammam, jacuzzi...\" \/>\n<meta property=\"og:url\" content=\"https:\/\/jacarandamauritius.com\/fr\/facilites\/\" \/>\n<meta property=\"og:site_name\" content=\"Jacaranda Luxury Villas\" \/>\n<meta property=\"article:modified_time\" content=\"2022-02-12T07:11:43+00:00\" \/>\n<meta property=\"og:image\" content=\"https:\/\/jacarandamauritius.com\/wp-content\/uploads\/2021\/11\/jacaranda-restaurant-1.jpg\" \/>\n<meta name=\"twitter:card\" content=\"summary_large_image\" \/>\n<meta name=\"twitter:title\" content=\"Les facilit\u00e9s, les advantages d&#039;acheter une villa \u00e0 l&#039;Ile Maurice | Jacaranda villa\" \/>\n<meta name=\"twitter:description\" content=\"Les residents auront un acc\u00e8s privil\u00e9gi\u00e9 aux facilit\u00e9s qu&#039;offre Jacaranda villa: restaurant, centre de fitness, golf, piscine, clubhouse, spa de luxe - sauna, hammam, jacuzzi...\" \/>\n<meta name=\"twitter:label1\" content=\"Dur\u00e9e de lecture estim\u00e9e\" \/>\n\t<meta name=\"twitter:data1\" content=\"2 minutes\" \/>\n<script type=\"application\/ld+json\" class=\"yoast-schema-graph\">{\"@context\":\"https:\\\/\\\/schema.org\",\"@graph\":[{\"@type\":\"WebPage\",\"@id\":\"https:\\\/\\\/jacarandamauritius.com\\\/fr\\\/facilites\\\/\",\"url\":\"https:\\\/\\\/jacarandamauritius.com\\\/fr\\\/facilites\\\/\",\"name\":\"Les facilit\u00e9s, les advantages d'acheter une villa \u00e0 l'Ile Maurice | Jacaranda villa\",\"isPartOf\":{\"@id\":\"https:\\\/\\\/jacarandamauritius.com\\\/#website\"},\"primaryImageOfPage\":{\"@id\":\"https:\\\/\\\/jacarandamauritius.com\\\/fr\\\/facilites\\\/#primaryimage\"},\"image\":{\"@id\":\"https:\\\/\\\/jacarandamauritius.com\\\/fr\\\/facilites\\\/#primaryimage\"},\"thumbnailUrl\":\"https:\\\/\\\/jacarandamauritius.com\\\/wp-content\\\/uploads\\\/2021\\\/11\\\/jacaranda-restaurant-1.jpg\",\"datePublished\":\"2022-01-15T12:17:47+00:00\",\"dateModified\":\"2022-02-12T07:11:43+00:00\",\"description\":\"Les residents auront un acc\u00e8s privil\u00e9gi\u00e9 aux facilit\u00e9s qu'offre Jacaranda villa: restaurant, centre de fitness, golf, piscine, clubhouse, spa de luxe - sauna, hammam, jacuzzi...\",\"breadcrumb\":{\"@id\":\"https:\\\/\\\/jacarandamauritius.com\\\/fr\\\/facilites\\\/#breadcrumb\"},\"inLanguage\":\"fr-FR\",\"potentialAction\":[{\"@type\":\"ReadAction\",\"target\":[\"https:\\\/\\\/jacarandamauritius.com\\\/fr\\\/facilites\\\/\"]}]},{\"@type\":\"ImageObject\",\"inLanguage\":\"fr-FR\",\"@id\":\"https:\\\/\\\/jacarandamauritius.com\\\/fr\\\/facilites\\\/#primaryimage\",\"url\":\"https:\\\/\\\/jacarandamauritius.com\\\/wp-content\\\/uploads\\\/2021\\\/11\\\/jacaranda-restaurant-1.jpg\",\"contentUrl\":\"https:\\\/\\\/jacarandamauritius.com\\\/wp-content\\\/uploads\\\/2021\\\/11\\\/jacaranda-restaurant-1.jpg\"},{\"@type\":\"BreadcrumbList\",\"@id\":\"https:\\\/\\\/jacarandamauritius.com\\\/fr\\\/facilites\\\/#breadcrumb\",\"itemListElement\":[{\"@type\":\"ListItem\",\"position\":1,\"name\":\"Home\",\"item\":\"https:\\\/\\\/jacarandamauritius.com\\\/fr\\\/\"},{\"@type\":\"ListItem\",\"position\":2,\"name\":\"Facilit\u00e9s\"}]},{\"@type\":\"WebSite\",\"@id\":\"https:\\\/\\\/jacarandamauritius.com\\\/#website\",\"url\":\"https:\\\/\\\/jacarandamauritius.com\\\/\",\"name\":\"Jacaranda Luxury Villas\",\"description\":\"Luxury private villas for sale in Mauritius\",\"publisher\":{\"@id\":\"https:\\\/\\\/jacarandamauritius.com\\\/#organization\"},\"potentialAction\":[{\"@type\":\"SearchAction\",\"target\":{\"@type\":\"EntryPoint\",\"urlTemplate\":\"https:\\\/\\\/jacarandamauritius.com\\\/?s={search_term_string}\"},\"query-input\":{\"@type\":\"PropertyValueSpecification\",\"valueRequired\":true,\"valueName\":\"search_term_string\"}}],\"inLanguage\":\"fr-FR\"},{\"@type\":\"Organization\",\"@id\":\"https:\\\/\\\/jacarandamauritius.com\\\/#organization\",\"name\":\"Jacaranda Luxury Villas\",\"url\":\"https:\\\/\\\/jacarandamauritius.com\\\/\",\"logo\":{\"@type\":\"ImageObject\",\"inLanguage\":\"fr-FR\",\"@id\":\"https:\\\/\\\/jacarandamauritius.com\\\/#\\\/schema\\\/logo\\\/image\\\/\",\"url\":\"https:\\\/\\\/jacarandamauritius.com\\\/wp-content\\\/uploads\\\/2022\\\/03\\\/logo2.svg\",\"contentUrl\":\"https:\\\/\\\/jacarandamauritius.com\\\/wp-content\\\/uploads\\\/2022\\\/03\\\/logo2.svg\",\"width\":199,\"height\":53,\"caption\":\"Jacaranda Luxury Villas\"},\"image\":{\"@id\":\"https:\\\/\\\/jacarandamauritius.com\\\/#\\\/schema\\\/logo\\\/image\\\/\"}}]}<\/script>\n<!-- \/ Yoast SEO plugin. -->","yoast_head_json":{"title":"Les facilit\u00e9s, les advantages d'acheter une villa \u00e0 l'Ile Maurice | Jacaranda villa","description":"Les residents auront un acc\u00e8s privil\u00e9gi\u00e9 aux facilit\u00e9s qu'offre Jacaranda villa: restaurant, centre de fitness, golf, piscine, clubhouse, spa de luxe - sauna, hammam, jacuzzi...","robots":{"index":"index","follow":"follow","max-snippet":"max-snippet:-1","max-image-preview":"max-image-preview:large","max-video-preview":"max-video-preview:-1"},"canonical":"https:\/\/jacarandamauritius.com\/fr\/facilites\/","og_locale":"fr_FR","og_type":"article","og_title":"Les facilit\u00e9s, les advantages d'acheter une villa \u00e0 l'Ile Maurice | Jacaranda villa","og_description":"Les residents auront un acc\u00e8s privil\u00e9gi\u00e9 aux facilit\u00e9s qu'offre Jacaranda villa: restaurant, centre de fitness, golf, piscine, clubhouse, spa de luxe - sauna, hammam, jacuzzi...","og_url":"https:\/\/jacarandamauritius.com\/fr\/facilites\/","og_site_name":"Jacaranda Luxury Villas","article_modified_time":"2022-02-12T07:11:43+00:00","og_image":[{"url":"https:\/\/jacarandamauritius.com\/wp-content\/uploads\/2021\/11\/jacaranda-restaurant-1.jpg","type":"","width":"","height":""}],"twitter_card":"summary_large_image","twitter_title":"Les facilit\u00e9s, les advantages d'acheter une villa \u00e0 l'Ile Maurice | Jacaranda villa","twitter_description":"Les residents auront un acc\u00e8s privil\u00e9gi\u00e9 aux facilit\u00e9s qu'offre Jacaranda villa: restaurant, centre de fitness, golf, piscine, clubhouse, spa de luxe - sauna, hammam, jacuzzi...","twitter_misc":{"Dur\u00e9e de lecture estim\u00e9e":"2 minutes"},"schema":{"@context":"https:\/\/schema.org","@graph":[{"@type":"WebPage","@id":"https:\/\/jacarandamauritius.com\/fr\/facilites\/","url":"https:\/\/jacarandamauritius.com\/fr\/facilites\/","name":"Les facilit\u00e9s, les advantages d'acheter une villa \u00e0 l'Ile Maurice | Jacaranda villa","isPartOf":{"@id":"https:\/\/jacarandamauritius.com\/#website"},"primaryImageOfPage":{"@id":"https:\/\/jacarandamauritius.com\/fr\/facilites\/#primaryimage"},"image":{"@id":"https:\/\/jacarandamauritius.com\/fr\/facilites\/#primaryimage"},"thumbnailUrl":"https:\/\/jacarandamauritius.com\/wp-content\/uploads\/2021\/11\/jacaranda-restaurant-1.jpg","datePublished":"2022-01-15T12:17:47+00:00","dateModified":"2022-02-12T07:11:43+00:00","description":"Les residents auront un acc\u00e8s privil\u00e9gi\u00e9 aux facilit\u00e9s qu'offre Jacaranda villa: restaurant, centre de fitness, golf, piscine, clubhouse, spa de luxe - sauna, hammam, jacuzzi...","breadcrumb":{"@id":"https:\/\/jacarandamauritius.com\/fr\/facilites\/#breadcrumb"},"inLanguage":"fr-FR","potentialAction":[{"@type":"ReadAction","target":["https:\/\/jacarandamauritius.com\/fr\/facilites\/"]}]},{"@type":"ImageObject","inLanguage":"fr-FR","@id":"https:\/\/jacarandamauritius.com\/fr\/facilites\/#primaryimage","url":"https:\/\/jacarandamauritius.com\/wp-content\/uploads\/2021\/11\/jacaranda-restaurant-1.jpg","contentUrl":"https:\/\/jacarandamauritius.com\/wp-content\/uploads\/2021\/11\/jacaranda-restaurant-1.jpg"},{"@type":"BreadcrumbList","@id":"https:\/\/jacarandamauritius.com\/fr\/facilites\/#breadcrumb","itemListElement":[{"@type":"ListItem","position":1,"name":"Home","item":"https:\/\/jacarandamauritius.com\/fr\/"},{"@type":"ListItem","position":2,"name":"Facilit\u00e9s"}]},{"@type":"WebSite","@id":"https:\/\/jacarandamauritius.com\/#website","url":"https:\/\/jacarandamauritius.com\/","name":"Jacaranda Luxury Villas","description":"Luxury private villas for sale in Mauritius","publisher":{"@id":"https:\/\/jacarandamauritius.com\/#organization"},"potentialAction":[{"@type":"SearchAction","target":{"@type":"EntryPoint","urlTemplate":"https:\/\/jacarandamauritius.com\/?s={search_term_string}"},"query-input":{"@type":"PropertyValueSpecification","valueRequired":true,"valueName":"search_term_string"}}],"inLanguage":"fr-FR"},{"@type":"Organization","@id":"https:\/\/jacarandamauritius.com\/#organization","name":"Jacaranda Luxury Villas","url":"https:\/\/jacarandamauritius.com\/","logo":{"@type":"ImageObject","inLanguage":"fr-FR","@id":"https:\/\/jacarandamauritius.com\/#\/schema\/logo\/image\/","url":"https:\/\/jacarandamauritius.com\/wp-content\/uploads\/2022\/03\/logo2.svg","contentUrl":"https:\/\/jacarandamauritius.com\/wp-content\/uploads\/2022\/03\/logo2.svg","width":199,"height":53,"caption":"Jacaranda Luxury Villas"},"image":{"@id":"https:\/\/jacarandamauritius.com\/#\/schema\/logo\/image\/"}}]}},"_links":{"self":[{"href":"https:\/\/jacarandamauritius.com\/fr\/wp-json\/wp\/v2\/pages\/3055","targetHints":{"allow":["GET"]}}],"collection":[{"href":"https:\/\/jacarandamauritius.com\/fr\/wp-json\/wp\/v2\/pages"}],"about":[{"href":"https:\/\/jacarandamauritius.com\/fr\/wp-json\/wp\/v2\/types\/page"}],"author":[{"embeddable":true,"href":"https:\/\/jacarandamauritius.com\/fr\/wp-json\/wp\/v2\/users\/1"}],"replies":[{"embeddable":true,"href":"https:\/\/jacarandamauritius.com\/fr\/wp-json\/wp\/v2\/comments?post=3055"}],"version-history":[{"count":0,"href":"https:\/\/jacarandamauritius.com\/fr\/wp-json\/wp\/v2\/pages\/3055\/revisions"}],"wp:attachment":[{"href":"https:\/\/jacarandamauritius.com\/fr\/wp-json\/wp\/v2\/media?parent=3055"}],"curies":[{"name":"wp","href":"https:\/\/api.w.org\/{rel}","templated":true}]}}