{"id":2934,"date":"2022-01-15T10:48:21","date_gmt":"2022-01-15T10:48:21","guid":{"rendered":"https:\/\/jacarandamauritius.com\/pourquoi-maurice\/"},"modified":"2022-03-11T14:35:18","modified_gmt":"2022-03-11T14:35:18","slug":"pourquoi-lile-maurice","status":"publish","type":"page","link":"https:\/\/jacarandamauritius.com\/fr\/pourquoi-lile-maurice\/","title":{"rendered":"Pourquoi Maurice ?"},"content":{"rendered":"\t\t<div data-elementor-type=\"wp-page\" data-elementor-id=\"2934\" class=\"elementor elementor-2934 elementor-958\">\n\t\t\t\t\t\t<section class=\"has_eae_slider elementor-section elementor-top-section elementor-element elementor-element-6628e6d elementor-section-full_width elementor-section-height-min-height elementor-section-height-default elementor-section-items-middle\" data-id=\"6628e6d\" data-element_type=\"section\" data-settings=\"{&quot;background_background&quot;:&quot;classic&quot;}\">\n\t\t\t\t\t\t\t<div class=\"elementor-background-overlay\"><\/div>\n\t\t\t\t\t\t\t<div class=\"elementor-container elementor-column-gap-default\">\n\t\t\t\t\t<div class=\"has_eae_slider elementor-column elementor-col-100 elementor-top-column elementor-element elementor-element-6b1b058\" data-id=\"6b1b058\" data-element_type=\"column\">\n\t\t\t<div class=\"elementor-widget-wrap elementor-element-populated\">\n\t\t\t\t\t\t<div class=\"elementor-element elementor-element-210ab25 elementor-widget elementor-widget-heading\" data-id=\"210ab25\" data-element_type=\"widget\" data-widget_type=\"heading.default\">\n\t\t\t\t<div class=\"elementor-widget-container\">\n\t\t\t<h1 class=\"elementor-heading-title elementor-size-default\">Pourquoi l\u2019\u00eele Maurice<\/h1>\t\t<\/div>\n\t\t\t\t<\/div>\n\t\t\t\t\t<\/div>\n\t\t<\/div>\n\t\t\t\t\t<\/div>\n\t\t<\/section>\n\t\t\t\t<section class=\"has_eae_slider elementor-section elementor-top-section elementor-element elementor-element-4cb1b26 elementor-section-full_width elementor-section-height-default elementor-section-height-default\" data-id=\"4cb1b26\" data-element_type=\"section\">\n\t\t\t\t\t\t<div class=\"elementor-container elementor-column-gap-default\">\n\t\t\t\t\t<div class=\"has_eae_slider elementor-column elementor-col-100 elementor-top-column elementor-element elementor-element-30f634c\" data-id=\"30f634c\" data-element_type=\"column\">\n\t\t\t<div class=\"elementor-widget-wrap elementor-element-populated\">\n\t\t\t\t\t\t<section class=\"has_eae_slider elementor-section elementor-inner-section elementor-element elementor-element-84871df elementor-section-full_width up-background elementor-section-height-default elementor-section-height-default elementor-invisible\" data-id=\"84871df\" data-element_type=\"section\" data-settings=\"{&quot;background_background&quot;:&quot;classic&quot;,&quot;animation&quot;:&quot;fadeInUp&quot;}\">\n\t\t\t\t\t\t\t<div class=\"elementor-background-overlay\"><\/div>\n\t\t\t\t\t\t\t<div class=\"elementor-container elementor-column-gap-default\">\n\t\t\t\t\t<div class=\"has_eae_slider elementor-column elementor-col-100 elementor-inner-column elementor-element elementor-element-cc46cd1\" data-id=\"cc46cd1\" data-element_type=\"column\">\n\t\t\t<div class=\"elementor-widget-wrap elementor-element-populated\">\n\t\t\t\t\t\t<div class=\"elementor-element elementor-element-1bfa7e2 elementor-widget elementor-widget-heading\" data-id=\"1bfa7e2\" data-element_type=\"widget\" data-widget_type=\"heading.default\">\n\t\t\t\t<div class=\"elementor-widget-container\">\n\t\t\t<h2 class=\"elementor-heading-title elementor-size-default\">L\u2019unique \u00cele Maurice est tout \u00e0 vous !<\/h2>\t\t<\/div>\n\t\t\t\t<\/div>\n\t\t\t\t<div class=\"elementor-element elementor-element-56b6690 elementor-widget elementor-widget-text-editor\" data-id=\"56b6690\" data-element_type=\"widget\" data-widget_type=\"text-editor.default\">\n\t\t\t\t<div class=\"elementor-widget-container\">\n\t\t\t\t\t\t\t<p>Une destination tropicale s\u00fbre et accueillante, l&rsquo;\u00eele Maurice a su pr\u00e9server une vraie qualit\u00e9 de vie tout en se modernisant. Le rythme quotidien est bien \u00e9quilibr\u00e9 entre travail et vie priv\u00e9e afin de satisfaire les responsabilit\u00e9s professionnelles, entretenir des liens familiaux, amicaux et sociaux empreints d\u2019authenticit\u00e9. C\u2019est la raison pour laquelle les \u00e9trangers de passage ou vivant dans l\u2019\u00eele disent de Maurice qu\u2019elle est : \u00a0\u00bb Une \u00eele o\u00f9 l\u2019on peut encore go\u00fbter \u00e0 la douceur et la joie de vivre. \u00ab\u00a0<\/p>\n<p>La soci\u00e9t\u00e9 mauricienne multi-ethnique et pacifique offre des exp\u00e9riences humaines et culturelles enrichissantes \u00e0 vivre. Ici, le calendrier est ponctu\u00e9 d\u2019une diversit\u00e9 de c\u00e9l\u00e9brations ancestrales hautes en couleur. Les familles cuisinent soit fran\u00e7ais, chinois, indien ou une fusion exquise de la cuisine cr\u00e9ole locale ; l\u2019on peut aussi se r\u00e9galer dans les restaurants d\u2019une cuisine cosmopolite, voire m\u00eame de haute gastronomie et se faire tout autant plaisir \u00e0 des fast-foods d\u2019enseignes mondiales.<\/p>\n<p>Quant aux loisirs, nous avons l\u2019embarras du choix : parcours de golf de championnat, p\u00eache au gros, plong\u00e9e sous-marine, croisi\u00e8res en catamaran, ski nautique, kitesurf, faire de la tyrolienne, randonn\u00e9es et balades \u00e0 pied ou en quad au coeur de parcs naturels offrant de fabuleux panoramas.<\/p>\n<p>L&rsquo;\u00eele Maurice accueille aussi de nombreux \u00e9v\u00e8nements internationaux sportifs et culturels ; on peut m\u00eame assister \u00e0 des op\u00e9ras du c\u00e9l\u00e8bre Metropolitan sur grand \u00e9cran. Plut\u00f4t fan de cin\u00e9ma ? Pas de souci ! Les derni\u00e8res sorties \u00e0 succ\u00e8s passent tous les jours dans des salles tr\u00e8s confortables et climatis\u00e9es.<\/p>\n\t\t\t\t\t\t<\/div>\n\t\t\t\t<\/div>\n\t\t\t\t\t<\/div>\n\t\t<\/div>\n\t\t\t\t\t<\/div>\n\t\t<\/section>\n\t\t\t\t\t<\/div>\n\t\t<\/div>\n\t\t\t\t\t<\/div>\n\t\t<\/section>\n\t\t\t\t<\/div>\n\t\t","protected":false},"excerpt":{"rendered":"<p>Pourquoi l\u2019\u00eele Maurice L\u2019unique \u00cele Maurice est tout \u00e0 vous ! Une destination tropicale s\u00fbre et accueillante, l&rsquo;\u00eele Maurice a su pr\u00e9server une vraie qualit\u00e9 de vie tout en se modernisant. Le rythme quotidien est bien \u00e9quilibr\u00e9 entre travail et vie priv\u00e9e afin de satisfaire les responsabilit\u00e9s professionnelles, entretenir des liens familiaux, amicaux et sociaux [&hellip;]<\/p>\n","protected":false},"author":1,"featured_media":0,"parent":0,"menu_order":0,"comment_status":"closed","ping_status":"closed","template":"","meta":{"_acf_changed":false,"footnotes":""},"class_list":["post-2934","page","type-page","status-publish","hentry"],"acf":[],"yoast_head":"<!-- This site is optimized with the Yoast SEO plugin v27.4 - https:\/\/yoast.com\/product\/yoast-seo-wordpress\/ -->\n<title>Les raisons pour s&#039;installer, vivre \u00e0 l\u2019\u00cele Maurice | Jacaranda Villa<\/title>\n<meta name=\"description\" content=\"Pourquoi choisir \u00eele Maurice comme destination pour s&#039;installer: soleil, mer, meilleur qualit\u00e9 de vie, fiscalit\u00e9 avantageuse, investir...\" \/>\n<meta name=\"robots\" content=\"index, follow, max-snippet:-1, max-image-preview:large, max-video-preview:-1\" \/>\n<link rel=\"canonical\" href=\"https:\/\/jacarandamauritius.com\/fr\/pourquoi-lile-maurice\/\" \/>\n<meta property=\"og:locale\" content=\"fr_FR\" \/>\n<meta property=\"og:type\" content=\"article\" \/>\n<meta property=\"og:title\" content=\"Les raisons pour s&#039;installer, vivre \u00e0 l\u2019\u00cele Maurice | Jacaranda Villa\" \/>\n<meta property=\"og:description\" content=\"Pourquoi choisir \u00eele Maurice comme destination pour s&#039;installer: soleil, mer, meilleur qualit\u00e9 de vie, fiscalit\u00e9 avantageuse, investir...\" \/>\n<meta property=\"og:url\" content=\"https:\/\/jacarandamauritius.com\/fr\/pourquoi-lile-maurice\/\" \/>\n<meta property=\"og:site_name\" content=\"Jacaranda Luxury Villas\" \/>\n<meta property=\"article:modified_time\" content=\"2022-03-11T14:35:18+00:00\" \/>\n<meta name=\"twitter:card\" content=\"summary_large_image\" \/>\n<meta name=\"twitter:title\" content=\"Les raisons pour s&#039;installer, vivre \u00e0 l\u2019\u00cele Maurice | Jacaranda Villa\" \/>\n<meta name=\"twitter:description\" content=\"Pourquoi choisir \u00eele Maurice comme destination pour s&#039;installer: soleil, mer, meilleur qualit\u00e9 de vie, fiscalit\u00e9 avantageuse, investir...\" \/>\n<meta name=\"twitter:label1\" content=\"Dur\u00e9e de lecture estim\u00e9e\" \/>\n\t<meta name=\"twitter:data1\" content=\"2 minutes\" \/>\n<script type=\"application\/ld+json\" class=\"yoast-schema-graph\">{\"@context\":\"https:\\\/\\\/schema.org\",\"@graph\":[{\"@type\":\"WebPage\",\"@id\":\"https:\\\/\\\/jacarandamauritius.com\\\/fr\\\/pourquoi-lile-maurice\\\/\",\"url\":\"https:\\\/\\\/jacarandamauritius.com\\\/fr\\\/pourquoi-lile-maurice\\\/\",\"name\":\"Les raisons pour s'installer, vivre \u00e0 l\u2019\u00cele Maurice | Jacaranda Villa\",\"isPartOf\":{\"@id\":\"https:\\\/\\\/jacarandamauritius.com\\\/#website\"},\"datePublished\":\"2022-01-15T10:48:21+00:00\",\"dateModified\":\"2022-03-11T14:35:18+00:00\",\"description\":\"Pourquoi choisir \u00eele Maurice comme destination pour s'installer: soleil, mer, meilleur qualit\u00e9 de vie, fiscalit\u00e9 avantageuse, investir...\",\"breadcrumb\":{\"@id\":\"https:\\\/\\\/jacarandamauritius.com\\\/fr\\\/pourquoi-lile-maurice\\\/#breadcrumb\"},\"inLanguage\":\"fr-FR\",\"potentialAction\":[{\"@type\":\"ReadAction\",\"target\":[\"https:\\\/\\\/jacarandamauritius.com\\\/fr\\\/pourquoi-lile-maurice\\\/\"]}]},{\"@type\":\"BreadcrumbList\",\"@id\":\"https:\\\/\\\/jacarandamauritius.com\\\/fr\\\/pourquoi-lile-maurice\\\/#breadcrumb\",\"itemListElement\":[{\"@type\":\"ListItem\",\"position\":1,\"name\":\"Home\",\"item\":\"https:\\\/\\\/jacarandamauritius.com\\\/fr\\\/\"},{\"@type\":\"ListItem\",\"position\":2,\"name\":\"Pourquoi Maurice ?\"}]},{\"@type\":\"WebSite\",\"@id\":\"https:\\\/\\\/jacarandamauritius.com\\\/#website\",\"url\":\"https:\\\/\\\/jacarandamauritius.com\\\/\",\"name\":\"Jacaranda Luxury Villas\",\"description\":\"Luxury private villas for sale in Mauritius\",\"publisher\":{\"@id\":\"https:\\\/\\\/jacarandamauritius.com\\\/#organization\"},\"potentialAction\":[{\"@type\":\"SearchAction\",\"target\":{\"@type\":\"EntryPoint\",\"urlTemplate\":\"https:\\\/\\\/jacarandamauritius.com\\\/?s={search_term_string}\"},\"query-input\":{\"@type\":\"PropertyValueSpecification\",\"valueRequired\":true,\"valueName\":\"search_term_string\"}}],\"inLanguage\":\"fr-FR\"},{\"@type\":\"Organization\",\"@id\":\"https:\\\/\\\/jacarandamauritius.com\\\/#organization\",\"name\":\"Jacaranda Luxury Villas\",\"url\":\"https:\\\/\\\/jacarandamauritius.com\\\/\",\"logo\":{\"@type\":\"ImageObject\",\"inLanguage\":\"fr-FR\",\"@id\":\"https:\\\/\\\/jacarandamauritius.com\\\/#\\\/schema\\\/logo\\\/image\\\/\",\"url\":\"https:\\\/\\\/jacarandamauritius.com\\\/wp-content\\\/uploads\\\/2022\\\/03\\\/logo2.svg\",\"contentUrl\":\"https:\\\/\\\/jacarandamauritius.com\\\/wp-content\\\/uploads\\\/2022\\\/03\\\/logo2.svg\",\"width\":199,\"height\":53,\"caption\":\"Jacaranda Luxury Villas\"},\"image\":{\"@id\":\"https:\\\/\\\/jacarandamauritius.com\\\/#\\\/schema\\\/logo\\\/image\\\/\"}}]}<\/script>\n<!-- \/ Yoast SEO plugin. -->","yoast_head_json":{"title":"Les raisons pour s'installer, vivre \u00e0 l\u2019\u00cele Maurice | Jacaranda Villa","description":"Pourquoi choisir \u00eele Maurice comme destination pour s'installer: soleil, mer, meilleur qualit\u00e9 de vie, fiscalit\u00e9 avantageuse, investir...","robots":{"index":"index","follow":"follow","max-snippet":"max-snippet:-1","max-image-preview":"max-image-preview:large","max-video-preview":"max-video-preview:-1"},"canonical":"https:\/\/jacarandamauritius.com\/fr\/pourquoi-lile-maurice\/","og_locale":"fr_FR","og_type":"article","og_title":"Les raisons pour s'installer, vivre \u00e0 l\u2019\u00cele Maurice | Jacaranda Villa","og_description":"Pourquoi choisir \u00eele Maurice comme destination pour s'installer: soleil, mer, meilleur qualit\u00e9 de vie, fiscalit\u00e9 avantageuse, investir...","og_url":"https:\/\/jacarandamauritius.com\/fr\/pourquoi-lile-maurice\/","og_site_name":"Jacaranda Luxury Villas","article_modified_time":"2022-03-11T14:35:18+00:00","twitter_card":"summary_large_image","twitter_title":"Les raisons pour s'installer, vivre \u00e0 l\u2019\u00cele Maurice | Jacaranda Villa","twitter_description":"Pourquoi choisir \u00eele Maurice comme destination pour s'installer: soleil, mer, meilleur qualit\u00e9 de vie, fiscalit\u00e9 avantageuse, investir...","twitter_misc":{"Dur\u00e9e de lecture estim\u00e9e":"2 minutes"},"schema":{"@context":"https:\/\/schema.org","@graph":[{"@type":"WebPage","@id":"https:\/\/jacarandamauritius.com\/fr\/pourquoi-lile-maurice\/","url":"https:\/\/jacarandamauritius.com\/fr\/pourquoi-lile-maurice\/","name":"Les raisons pour s'installer, vivre \u00e0 l\u2019\u00cele Maurice | Jacaranda Villa","isPartOf":{"@id":"https:\/\/jacarandamauritius.com\/#website"},"datePublished":"2022-01-15T10:48:21+00:00","dateModified":"2022-03-11T14:35:18+00:00","description":"Pourquoi choisir \u00eele Maurice comme destination pour s'installer: soleil, mer, meilleur qualit\u00e9 de vie, fiscalit\u00e9 avantageuse, investir...","breadcrumb":{"@id":"https:\/\/jacarandamauritius.com\/fr\/pourquoi-lile-maurice\/#breadcrumb"},"inLanguage":"fr-FR","potentialAction":[{"@type":"ReadAction","target":["https:\/\/jacarandamauritius.com\/fr\/pourquoi-lile-maurice\/"]}]},{"@type":"BreadcrumbList","@id":"https:\/\/jacarandamauritius.com\/fr\/pourquoi-lile-maurice\/#breadcrumb","itemListElement":[{"@type":"ListItem","position":1,"name":"Home","item":"https:\/\/jacarandamauritius.com\/fr\/"},{"@type":"ListItem","position":2,"name":"Pourquoi Maurice ?"}]},{"@type":"WebSite","@id":"https:\/\/jacarandamauritius.com\/#website","url":"https:\/\/jacarandamauritius.com\/","name":"Jacaranda Luxury Villas","description":"Luxury private villas for sale in Mauritius","publisher":{"@id":"https:\/\/jacarandamauritius.com\/#organization"},"potentialAction":[{"@type":"SearchAction","target":{"@type":"EntryPoint","urlTemplate":"https:\/\/jacarandamauritius.com\/?s={search_term_string}"},"query-input":{"@type":"PropertyValueSpecification","valueRequired":true,"valueName":"search_term_string"}}],"inLanguage":"fr-FR"},{"@type":"Organization","@id":"https:\/\/jacarandamauritius.com\/#organization","name":"Jacaranda Luxury Villas","url":"https:\/\/jacarandamauritius.com\/","logo":{"@type":"ImageObject","inLanguage":"fr-FR","@id":"https:\/\/jacarandamauritius.com\/#\/schema\/logo\/image\/","url":"https:\/\/jacarandamauritius.com\/wp-content\/uploads\/2022\/03\/logo2.svg","contentUrl":"https:\/\/jacarandamauritius.com\/wp-content\/uploads\/2022\/03\/logo2.svg","width":199,"height":53,"caption":"Jacaranda Luxury Villas"},"image":{"@id":"https:\/\/jacarandamauritius.com\/#\/schema\/logo\/image\/"}}]}},"_links":{"self":[{"href":"https:\/\/jacarandamauritius.com\/fr\/wp-json\/wp\/v2\/pages\/2934","targetHints":{"allow":["GET"]}}],"collection":[{"href":"https:\/\/jacarandamauritius.com\/fr\/wp-json\/wp\/v2\/pages"}],"about":[{"href":"https:\/\/jacarandamauritius.com\/fr\/wp-json\/wp\/v2\/types\/page"}],"author":[{"embeddable":true,"href":"https:\/\/jacarandamauritius.com\/fr\/wp-json\/wp\/v2\/users\/1"}],"replies":[{"embeddable":true,"href":"https:\/\/jacarandamauritius.com\/fr\/wp-json\/wp\/v2\/comments?post=2934"}],"version-history":[{"count":0,"href":"https:\/\/jacarandamauritius.com\/fr\/wp-json\/wp\/v2\/pages\/2934\/revisions"}],"wp:attachment":[{"href":"https:\/\/jacarandamauritius.com\/fr\/wp-json\/wp\/v2\/media?parent=2934"}],"curies":[{"name":"wp","href":"https:\/\/api.w.org\/{rel}","templated":true}]}}