{"id":2895,"date":"2022-01-15T09:28:57","date_gmt":"2022-01-15T09:28:57","guid":{"rendered":"https:\/\/jacarandamauritius.com\/nous-contacter\/"},"modified":"2022-06-17T13:45:13","modified_gmt":"2022-06-17T13:45:13","slug":"contactez-nous","status":"publish","type":"page","link":"https:\/\/jacarandamauritius.com\/fr\/contactez-nous\/","title":{"rendered":"Contactez-nous"},"content":{"rendered":"\t\t<div data-elementor-type=\"wp-page\" data-elementor-id=\"2895\" class=\"elementor elementor-2895 elementor-1256\">\n\t\t\t\t\t\t<section class=\"has_eae_slider elementor-section elementor-top-section elementor-element elementor-element-eace0dd elementor-section-full_width elementor-section-height-min-height elementor-section-content-middle elementor-section-height-default elementor-section-items-middle\" data-id=\"eace0dd\" data-element_type=\"section\" data-settings=\"{&quot;background_background&quot;:&quot;classic&quot;}\">\n\t\t\t\t\t\t\t<div class=\"elementor-background-overlay\"><\/div>\n\t\t\t\t\t\t\t<div class=\"elementor-container elementor-column-gap-default\">\n\t\t\t\t\t<div class=\"has_eae_slider elementor-column elementor-col-100 elementor-top-column elementor-element elementor-element-06bd6a8\" data-id=\"06bd6a8\" data-element_type=\"column\">\n\t\t\t<div class=\"elementor-widget-wrap\">\n\t\t\t\t\t\t\t<\/div>\n\t\t<\/div>\n\t\t\t\t\t<\/div>\n\t\t<\/section>\n\t\t\t\t<section class=\"has_eae_slider elementor-section elementor-top-section elementor-element elementor-element-3a75427 elementor-section-full_width elementor-section-height-default elementor-section-height-default\" data-id=\"3a75427\" data-element_type=\"section\">\n\t\t\t\t\t\t<div class=\"elementor-container elementor-column-gap-default\">\n\t\t\t\t\t<div class=\"has_eae_slider elementor-column elementor-col-100 elementor-top-column elementor-element elementor-element-b317455\" data-id=\"b317455\" data-element_type=\"column\">\n\t\t\t<div class=\"elementor-widget-wrap elementor-element-populated\">\n\t\t\t\t\t\t<section class=\"has_eae_slider elementor-section elementor-inner-section elementor-element elementor-element-3710edb elementor-section-full_width elementor-section-height-default elementor-section-height-default\" data-id=\"3710edb\" data-element_type=\"section\">\n\t\t\t\t\t\t<div class=\"elementor-container elementor-column-gap-default\">\n\t\t\t\t\t<div class=\"has_eae_slider elementor-column elementor-col-50 elementor-inner-column elementor-element elementor-element-982ad92\" data-id=\"982ad92\" data-element_type=\"column\">\n\t\t\t<div class=\"elementor-widget-wrap elementor-element-populated\">\n\t\t\t\t\t\t<div class=\"elementor-element elementor-element-e1beef2 elementor-widget elementor-widget-heading\" data-id=\"e1beef2\" data-element_type=\"widget\" data-widget_type=\"heading.default\">\n\t\t\t\t<div class=\"elementor-widget-container\">\n\t\t\t<h1 class=\"elementor-heading-title elementor-size-default\">Contactez-nous<\/h1>\t\t<\/div>\n\t\t\t\t<\/div>\n\t\t\t\t<div class=\"elementor-element elementor-element-96ab2c5 elementor-widget elementor-widget-heading\" data-id=\"96ab2c5\" data-element_type=\"widget\" data-widget_type=\"heading.default\">\n\t\t\t\t<div class=\"elementor-widget-container\">\n\t\t\t<h6 class=\"elementor-heading-title elementor-size-default\">Un investissement n\u00e9cessite un bon encadrement<\/h6>\t\t<\/div>\n\t\t\t\t<\/div>\n\t\t\t\t<div class=\"elementor-element elementor-element-06b4d56 elementor-widget elementor-widget-text-editor\" data-id=\"06b4d56\" data-element_type=\"widget\" data-widget_type=\"text-editor.default\">\n\t\t\t\t<div class=\"elementor-widget-container\">\n\t\t\t\t\t\t\t<p>Les informations figurant dans le pr\u00e9sent document sont donn\u00e9es \u00e0 titre purement indicatif et ont uniquement pour objet de servir de guide par rapport au produit fini.<\/p>\n<p>Les promoteurs se r\u00e9servent le droit d\u2019apporter des modifications \u00e9ventuelles aux d\u00e9tails qui y sont inclus.<\/p>\n\t\t\t\t\t\t<\/div>\n\t\t\t\t<\/div>\n\t\t\t\t<div class=\"elementor-element elementor-element-f75292b elementor-button-align-end elementor-mobile-button-align-start elementor-widget elementor-widget-form\" data-id=\"f75292b\" data-element_type=\"widget\" data-settings=\"{&quot;step_next_label&quot;:&quot;Suivante&quot;,&quot;step_previous_label&quot;:&quot;Pr\\u00e9c\\u00e9dente&quot;,&quot;button_width&quot;:&quot;100&quot;,&quot;step_type&quot;:&quot;number_text&quot;,&quot;step_icon_shape&quot;:&quot;circle&quot;}\" data-widget_type=\"form.default\">\n\t\t\t\t<div class=\"elementor-widget-container\">\n\t\t\t\t\t<form class=\"elementor-form\" method=\"post\" id=\"Contact_form\" name=\"Entrer en contact\">\n\t\t\t<input type=\"hidden\" name=\"post_id\" value=\"2895\"\/>\n\t\t\t<input type=\"hidden\" name=\"form_id\" value=\"f75292b\"\/>\n\t\t\t<input type=\"hidden\" name=\"referer_title\" value=\"Jacaranda Luxury Villas\" \/>\n\n\t\t\t\n\t\t\t<div class=\"elementor-form-fields-wrapper elementor-labels-\">\n\t\t\t\t\t\t\t\t<div class=\"elementor-field-type-text elementor-field-group elementor-column elementor-field-group-name elementor-col-50 elementor-md-100 elementor-field-required\">\n\t\t\t\t\t\t\t\t\t\t\t\t<label for=\"form-field-name\" class=\"elementor-field-label elementor-screen-only\">\n\t\t\t\t\t\t\t\tNom complet\t\t\t\t\t\t\t<\/label>\n\t\t\t\t\t\t\t\t\t\t\t\t\t\t<input size=\"1\" type=\"text\" name=\"form_fields[name]\" id=\"form-field-name\" class=\"elementor-field elementor-size-sm  elementor-field-textual\" placeholder=\"Nom complet *\" required=\"required\" aria-required=\"true\">\n\t\t\t\t\t\t\t\t\t\t\t<\/div>\n\t\t\t\t\t\t\t\t<div class=\"elementor-field-type-email elementor-field-group elementor-column elementor-field-group-email elementor-col-50 elementor-md-100 elementor-field-required\">\n\t\t\t\t\t\t\t\t\t\t\t\t<label for=\"form-field-email\" class=\"elementor-field-label elementor-screen-only\">\n\t\t\t\t\t\t\t\tAdresse e-mail\t\t\t\t\t\t\t<\/label>\n\t\t\t\t\t\t\t\t\t\t\t\t\t\t<input size=\"1\" type=\"email\" name=\"form_fields[email]\" id=\"form-field-email\" class=\"elementor-field elementor-size-sm  elementor-field-textual\" placeholder=\"Adresse \u00e9lectronique*\" required=\"required\" aria-required=\"true\">\n\t\t\t\t\t\t\t\t\t\t\t<\/div>\n\t\t\t\t\t\t\t\t<div class=\"elementor-field-type-tel elementor-field-group elementor-column elementor-field-group-field_759720d elementor-col-50 elementor-md-100\">\n\t\t\t\t\t\t\t\t\t\t\t\t<label for=\"form-field-field_759720d\" class=\"elementor-field-label elementor-screen-only\">\n\t\t\t\t\t\t\t\tT\u00e9l\u00e9phoner\t\t\t\t\t\t\t<\/label>\n\t\t\t\t\t\t\t\t<input size=\"1\" type=\"tel\" name=\"form_fields[field_759720d]\" id=\"form-field-field_759720d\" class=\"elementor-field elementor-size-sm  elementor-field-textual\" placeholder=\"T\u00e9l\u00e9phoner (+230) 463 1888\" pattern=\"[0-9()#&amp;+*-=.]+\" title=\"Seuls les caract\u00e8res de num\u00e9ros de t\u00e9l\u00e9phone (#, -, *, etc.) sont accept\u00e9s.\">\n\n\t\t\t\t\t\t<\/div>\n\t\t\t\t\t\t\t\t<div class=\"elementor-field-type-text elementor-field-group elementor-column elementor-field-group-field_bd99fbb elementor-col-50 elementor-md-100 elementor-field-required\">\n\t\t\t\t\t\t\t\t\t\t\t\t<label for=\"form-field-field_bd99fbb\" class=\"elementor-field-label elementor-screen-only\">\n\t\t\t\t\t\t\t\tPays\t\t\t\t\t\t\t<\/label>\n\t\t\t\t\t\t\t\t\t\t\t\t\t\t<input size=\"1\" type=\"text\" name=\"form_fields[field_bd99fbb]\" id=\"form-field-field_bd99fbb\" class=\"elementor-field elementor-size-sm  elementor-field-textual\" placeholder=\"Pays *\" required=\"required\" aria-required=\"true\">\n\t\t\t\t\t\t\t\t\t\t\t<\/div>\n\t\t\t\t\t\t\t\t<div class=\"elementor-field-type-textarea elementor-field-group elementor-column elementor-field-group-field_4ffda50 elementor-col-100\">\n\t\t\t\t\t\t\t\t\t\t\t\t<label for=\"form-field-field_4ffda50\" class=\"elementor-field-label elementor-screen-only\">\n\t\t\t\t\t\t\t\tComment nous connaissez-vous ?\t\t\t\t\t\t\t<\/label>\n\t\t\t\t\t\t<textarea class=\"elementor-field-textual elementor-field  elementor-size-sm\" name=\"form_fields[field_4ffda50]\" id=\"form-field-field_4ffda50\" rows=\"3\" placeholder=\"Comment nous connaissez-vous ?\"><\/textarea>\t\t\t\t<\/div>\n\t\t\t\t\t\t\t\t<div class=\"elementor-field-type-textarea elementor-field-group elementor-column elementor-field-group-message elementor-col-100\">\n\t\t\t\t\t\t\t\t\t\t\t\t<label for=\"form-field-message\" class=\"elementor-field-label elementor-screen-only\">\n\t\t\t\t\t\t\t\tTapez votre message\t\t\t\t\t\t\t<\/label>\n\t\t\t\t\t\t<textarea class=\"elementor-field-textual elementor-field  elementor-size-sm\" name=\"form_fields[message]\" id=\"form-field-message\" rows=\"3\" placeholder=\"Tapez votre message\"><\/textarea>\t\t\t\t<\/div>\n\t\t\t\t\t\t\t\t<div class=\"elementor-field-group elementor-column elementor-field-type-submit elementor-col-100 e-form__buttons\">\n\t\t\t\t\t<button type=\"submit\" class=\"elementor-button elementor-size-lg\">\n\t\t\t\t\t\t<span >\n\t\t\t\t\t\t\t\t\t\t\t\t\t\t\t<span class=\" elementor-button-icon\">\n\t\t\t\t\t\t\t\t\t\t\t\t\t\t\t\t\t\t\t\t\t\t\t\t\t\t<\/span>\n\t\t\t\t\t\t\t\t\t\t\t\t\t\t\t\t\t\t\t\t\t\t<span class=\"elementor-button-text\">Envoyer le message<\/span>\n\t\t\t\t\t\t\t\t\t\t\t\t\t<\/span>\n\t\t\t\t\t<\/button>\n\t\t\t\t<\/div>\n\t\t\t<\/div>\n\t\t<\/form>\n\t\t\t\t<\/div>\n\t\t\t\t<\/div>\n\t\t\t\t\t<\/div>\n\t\t<\/div>\n\t\t\t\t<div class=\"has_eae_slider elementor-column elementor-col-50 elementor-inner-column elementor-element elementor-element-a00eec6\" data-id=\"a00eec6\" data-element_type=\"column\">\n\t\t\t<div class=\"elementor-widget-wrap elementor-element-populated\">\n\t\t\t\t\t\t<div class=\"elementor-element elementor-element-b2a52ed elementor-icon-list--layout-traditional elementor-list-item-link-full_width elementor-widget elementor-widget-icon-list\" data-id=\"b2a52ed\" data-element_type=\"widget\" data-widget_type=\"icon-list.default\">\n\t\t\t\t<div class=\"elementor-widget-container\">\n\t\t\t\t\t<ul class=\"elementor-icon-list-items\">\n\t\t\t\t\t\t\t<li class=\"elementor-icon-list-item\">\n\t\t\t\t\t\t\t\t\t\t\t<span class=\"elementor-icon-list-icon\">\n\t\t\t\t\t\t\t<i aria-hidden=\"true\" class=\"fas fa-map-marker-alt\"><\/i>\t\t\t\t\t\t<\/span>\n\t\t\t\t\t\t\t\t\t\t<span class=\"elementor-icon-list-text\">Bureau de vente: 1<sup>st<\/sup>\u00a0Floor, Ebene Skies, Ebene, Mauritius<\/span>\n\t\t\t\t\t\t\t\t\t<\/li>\n\t\t\t\t\t\t\t\t<li class=\"elementor-icon-list-item\">\n\t\t\t\t\t\t\t\t\t\t\t<a href=\"tel:2304631888\">\n\n\t\t\t\t\t\t\t\t\t\t\t\t<span class=\"elementor-icon-list-icon\">\n\t\t\t\t\t\t\t<i aria-hidden=\"true\" class=\"fas fa-phone-alt\"><\/i>\t\t\t\t\t\t<\/span>\n\t\t\t\t\t\t\t\t\t\t<span class=\"elementor-icon-list-text\">+230 463 1888<\/span>\n\t\t\t\t\t\t\t\t\t\t\t<\/a>\n\t\t\t\t\t\t\t\t\t<\/li>\n\t\t\t\t\t\t\t\t<li class=\"elementor-icon-list-item\">\n\t\t\t\t\t\t\t\t\t\t\t<a href=\"mailto:info@jacarandamauritius.com\">\n\n\t\t\t\t\t\t\t\t\t\t\t\t<span class=\"elementor-icon-list-icon\">\n\t\t\t\t\t\t\t<i aria-hidden=\"true\" class=\"fas fa-envelope\"><\/i>\t\t\t\t\t\t<\/span>\n\t\t\t\t\t\t\t\t\t\t<span class=\"elementor-icon-list-text\">info@jacarandamauritius.com<\/span>\n\t\t\t\t\t\t\t\t\t\t\t<\/a>\n\t\t\t\t\t\t\t\t\t<\/li>\n\t\t\t\t\t\t\t\t<li class=\"elementor-icon-list-item\">\n\t\t\t\t\t\t\t\t\t\t\t<a href=\"http:\/\/www.jacarandamauritius.com\">\n\n\t\t\t\t\t\t\t\t\t\t\t\t<span class=\"elementor-icon-list-icon\">\n\t\t\t\t\t\t\t<i aria-hidden=\"true\" class=\"fas fa-globe\"><\/i>\t\t\t\t\t\t<\/span>\n\t\t\t\t\t\t\t\t\t\t<span class=\"elementor-icon-list-text\">www.jacarandamauritius.com<\/span>\n\t\t\t\t\t\t\t\t\t\t\t<\/a>\n\t\t\t\t\t\t\t\t\t<\/li>\n\t\t\t\t\t\t<\/ul>\n\t\t\t\t<\/div>\n\t\t\t\t<\/div>\n\t\t\t\t<div class=\"elementor-element elementor-element-68c4d66 elementor-grid-3 e-grid-align-left elementor-shape-rounded elementor-widget elementor-widget-social-icons\" data-id=\"68c4d66\" data-element_type=\"widget\" data-widget_type=\"social-icons.default\">\n\t\t\t\t<div class=\"elementor-widget-container\">\n\t\t\t\t\t<div class=\"elementor-social-icons-wrapper elementor-grid\">\n\t\t\t\t\t\t\t<span class=\"elementor-grid-item\">\n\t\t\t\t\t<a class=\"elementor-icon elementor-social-icon elementor-social-icon-facebook-f elementor-repeater-item-ba03d71\" href=\"https:\/\/www.facebook.com\/JacarandaMauritius\/\" target=\"_blank\">\n\t\t\t\t\t\t<span class=\"elementor-screen-only\">Facebook-f<\/span>\n\t\t\t\t\t\t<i class=\"fab fa-facebook-f\"><\/i>\t\t\t\t\t<\/a>\n\t\t\t\t<\/span>\n\t\t\t\t\t\t\t<span class=\"elementor-grid-item\">\n\t\t\t\t\t<a class=\"elementor-icon elementor-social-icon elementor-social-icon-linkedin-in elementor-repeater-item-d427f72\" href=\"https:\/\/www.linkedin.com\/in\/jacaranda-mauritius\" target=\"_blank\">\n\t\t\t\t\t\t<span class=\"elementor-screen-only\">Linkedin-in<\/span>\n\t\t\t\t\t\t<i class=\"fab fa-linkedin-in\"><\/i>\t\t\t\t\t<\/a>\n\t\t\t\t<\/span>\n\t\t\t\t\t\t\t<span class=\"elementor-grid-item\">\n\t\t\t\t\t<a class=\"elementor-icon elementor-social-icon elementor-social-icon-instagram elementor-repeater-item-7f65ec2\" href=\"https:\/\/www.instagram.com\/jacaranda_mauritius\/\" target=\"_blank\">\n\t\t\t\t\t\t<span class=\"elementor-screen-only\">Instagram<\/span>\n\t\t\t\t\t\t<i class=\"fab fa-instagram\"><\/i>\t\t\t\t\t<\/a>\n\t\t\t\t<\/span>\n\t\t\t\t\t<\/div>\n\t\t\t\t<\/div>\n\t\t\t\t<\/div>\n\t\t\t\t<div class=\"elementor-element elementor-element-ca83138 elementor-widget elementor-widget-image\" data-id=\"ca83138\" data-element_type=\"widget\" data-widget_type=\"image.default\">\n\t\t\t\t<div class=\"elementor-widget-container\">\n\t\t\t\t\t\t\t\t\t\t\t\t\t<img fetchpriority=\"high\" decoding=\"async\" width=\"683\" height=\"474\" src=\"https:\/\/jacarandamauritius.com\/wp-content\/uploads\/2021\/11\/balaclava-locationew.jpg\" class=\"attachment-full size-full wp-image-2888\" alt=\"\" srcset=\"https:\/\/jacarandamauritius.com\/wp-content\/uploads\/2021\/11\/balaclava-locationew.jpg 683w, https:\/\/jacarandamauritius.com\/wp-content\/uploads\/2021\/11\/balaclava-locationew-300x208.jpg 300w\" sizes=\"(max-width: 683px) 100vw, 683px\" \/>\t\t\t\t\t\t\t\t\t\t\t\t\t<\/div>\n\t\t\t\t<\/div>\n\t\t\t\t\t<\/div>\n\t\t<\/div>\n\t\t\t\t\t<\/div>\n\t\t<\/section>\n\t\t\t\t\t<\/div>\n\t\t<\/div>\n\t\t\t\t\t<\/div>\n\t\t<\/section>\n\t\t\t\t<\/div>\n\t\t","protected":false},"excerpt":{"rendered":"<p>Contactez-nous Un investissement n\u00e9cessite un bon encadrement Les informations figurant dans le pr\u00e9sent document sont donn\u00e9es \u00e0 titre purement indicatif et ont uniquement pour objet de servir de guide par rapport au produit fini. Les promoteurs se r\u00e9servent le droit d\u2019apporter des modifications \u00e9ventuelles aux d\u00e9tails qui y sont inclus. Bureau de vente: 1st\u00a0Floor, Ebene [&hellip;]<\/p>\n","protected":false},"author":1,"featured_media":0,"parent":0,"menu_order":0,"comment_status":"closed","ping_status":"closed","template":"","meta":{"_acf_changed":false,"footnotes":""},"class_list":["post-2895","page","type-page","status-publish","hentry"],"acf":[],"yoast_head":"<!-- This site is optimized with the Yoast SEO plugin v27.5 - https:\/\/yoast.com\/product\/yoast-seo-wordpress\/ -->\n<title>Contactez-nous | Jacaranda villas<\/title>\n<meta name=\"description\" content=\"Achetez une villa priv\u00e9e de luxe avec piscine dans le nord de l&#039;\u00eele Maurice, Balaclava, \u00e0 15 minutes de Grand Baie - centres commerciaux, discoth\u00e8ques, casinos, etc. R\u00e9sidences modernes avec un acc\u00e8s facile \u00e0 la plage, l&#039;oc\u00e9an et \u00e0 la nature.\" \/>\n<meta name=\"robots\" content=\"index, follow, max-snippet:-1, max-image-preview:large, max-video-preview:-1\" \/>\n<link rel=\"canonical\" href=\"https:\/\/jacarandamauritius.com\/fr\/contactez-nous\/\" \/>\n<meta property=\"og:locale\" content=\"fr_FR\" \/>\n<meta property=\"og:type\" content=\"article\" \/>\n<meta property=\"og:title\" content=\"Contactez-nous | Jacaranda villas\" \/>\n<meta property=\"og:description\" content=\"Achetez une villa priv\u00e9e de luxe avec piscine dans le nord de l&#039;\u00eele Maurice, Balaclava, \u00e0 15 minutes de Grand Baie - centres commerciaux, discoth\u00e8ques, casinos, etc. R\u00e9sidences modernes avec un acc\u00e8s facile \u00e0 la plage, l&#039;oc\u00e9an et \u00e0 la nature.\" \/>\n<meta property=\"og:url\" content=\"https:\/\/jacarandamauritius.com\/fr\/contactez-nous\/\" \/>\n<meta property=\"og:site_name\" content=\"Jacaranda Luxury Villas\" \/>\n<meta property=\"article:modified_time\" content=\"2022-06-17T13:45:13+00:00\" \/>\n<meta property=\"og:image\" content=\"https:\/\/jacarandamauritius.com\/wp-content\/uploads\/2021\/11\/life-style-2.jpg\" \/>\n<meta name=\"twitter:card\" content=\"summary_large_image\" \/>\n<meta name=\"twitter:title\" content=\"Contactez-nous | Jacaranda villas\" \/>\n<meta name=\"twitter:description\" content=\"Achetez une villa priv\u00e9e de luxe avec piscine dans le nord de l&#039;\u00eele Maurice, Balaclava, \u00e0 15 minutes de Grand Baie - centres commerciaux, discoth\u00e8ques, casinos, etc. R\u00e9sidences modernes avec un acc\u00e8s facile \u00e0 la plage, l&#039;oc\u00e9an et \u00e0 la nature.\" \/>\n<meta name=\"twitter:image\" content=\"https:\/\/jacarandamauritius.com\/wp-content\/uploads\/2021\/11\/life-style-2.jpg\" \/>\n<meta name=\"twitter:label1\" content=\"Dur\u00e9e de lecture estim\u00e9e\" \/>\n\t<meta name=\"twitter:data1\" content=\"1 minute\" \/>\n<script type=\"application\/ld+json\" class=\"yoast-schema-graph\">{\"@context\":\"https:\\\/\\\/schema.org\",\"@graph\":[{\"@type\":\"WebPage\",\"@id\":\"https:\\\/\\\/jacarandamauritius.com\\\/fr\\\/contactez-nous\\\/\",\"url\":\"https:\\\/\\\/jacarandamauritius.com\\\/fr\\\/contactez-nous\\\/\",\"name\":\"Contactez-nous | Jacaranda villas\",\"isPartOf\":{\"@id\":\"https:\\\/\\\/jacarandamauritius.com\\\/#website\"},\"primaryImageOfPage\":{\"@id\":\"https:\\\/\\\/jacarandamauritius.com\\\/fr\\\/contactez-nous\\\/#primaryimage\"},\"image\":{\"@id\":\"https:\\\/\\\/jacarandamauritius.com\\\/fr\\\/contactez-nous\\\/#primaryimage\"},\"thumbnailUrl\":\"https:\\\/\\\/jacarandamauritius.com\\\/wp-content\\\/uploads\\\/2021\\\/11\\\/balaclava-locationew.jpg\",\"datePublished\":\"2022-01-15T09:28:57+00:00\",\"dateModified\":\"2022-06-17T13:45:13+00:00\",\"description\":\"Achetez une villa priv\u00e9e de luxe avec piscine dans le nord de l'\u00eele Maurice, Balaclava, \u00e0 15 minutes de Grand Baie - centres commerciaux, discoth\u00e8ques, casinos, etc. R\u00e9sidences modernes avec un acc\u00e8s facile \u00e0 la plage, l'oc\u00e9an et \u00e0 la nature.\",\"breadcrumb\":{\"@id\":\"https:\\\/\\\/jacarandamauritius.com\\\/fr\\\/contactez-nous\\\/#breadcrumb\"},\"inLanguage\":\"fr-FR\",\"potentialAction\":[{\"@type\":\"ReadAction\",\"target\":[\"https:\\\/\\\/jacarandamauritius.com\\\/fr\\\/contactez-nous\\\/\"]}]},{\"@type\":\"ImageObject\",\"inLanguage\":\"fr-FR\",\"@id\":\"https:\\\/\\\/jacarandamauritius.com\\\/fr\\\/contactez-nous\\\/#primaryimage\",\"url\":\"https:\\\/\\\/jacarandamauritius.com\\\/wp-content\\\/uploads\\\/2021\\\/11\\\/balaclava-locationew.jpg\",\"contentUrl\":\"https:\\\/\\\/jacarandamauritius.com\\\/wp-content\\\/uploads\\\/2021\\\/11\\\/balaclava-locationew.jpg\"},{\"@type\":\"BreadcrumbList\",\"@id\":\"https:\\\/\\\/jacarandamauritius.com\\\/fr\\\/contactez-nous\\\/#breadcrumb\",\"itemListElement\":[{\"@type\":\"ListItem\",\"position\":1,\"name\":\"Home\",\"item\":\"https:\\\/\\\/jacarandamauritius.com\\\/fr\\\/\"},{\"@type\":\"ListItem\",\"position\":2,\"name\":\"Contactez-nous\"}]},{\"@type\":\"WebSite\",\"@id\":\"https:\\\/\\\/jacarandamauritius.com\\\/#website\",\"url\":\"https:\\\/\\\/jacarandamauritius.com\\\/\",\"name\":\"Jacaranda Luxury Villas\",\"description\":\"Luxury private villas for sale in Mauritius\",\"publisher\":{\"@id\":\"https:\\\/\\\/jacarandamauritius.com\\\/#organization\"},\"potentialAction\":[{\"@type\":\"SearchAction\",\"target\":{\"@type\":\"EntryPoint\",\"urlTemplate\":\"https:\\\/\\\/jacarandamauritius.com\\\/?s={search_term_string}\"},\"query-input\":{\"@type\":\"PropertyValueSpecification\",\"valueRequired\":true,\"valueName\":\"search_term_string\"}}],\"inLanguage\":\"fr-FR\"},{\"@type\":\"Organization\",\"@id\":\"https:\\\/\\\/jacarandamauritius.com\\\/#organization\",\"name\":\"Jacaranda Luxury Villas\",\"url\":\"https:\\\/\\\/jacarandamauritius.com\\\/\",\"logo\":{\"@type\":\"ImageObject\",\"inLanguage\":\"fr-FR\",\"@id\":\"https:\\\/\\\/jacarandamauritius.com\\\/#\\\/schema\\\/logo\\\/image\\\/\",\"url\":\"https:\\\/\\\/jacarandamauritius.com\\\/wp-content\\\/uploads\\\/2022\\\/03\\\/logo2.svg\",\"contentUrl\":\"https:\\\/\\\/jacarandamauritius.com\\\/wp-content\\\/uploads\\\/2022\\\/03\\\/logo2.svg\",\"width\":199,\"height\":53,\"caption\":\"Jacaranda Luxury Villas\"},\"image\":{\"@id\":\"https:\\\/\\\/jacarandamauritius.com\\\/#\\\/schema\\\/logo\\\/image\\\/\"}}]}<\/script>\n<!-- \/ Yoast SEO plugin. -->","yoast_head_json":{"title":"Contactez-nous | Jacaranda villas","description":"Achetez une villa priv\u00e9e de luxe avec piscine dans le nord de l'\u00eele Maurice, Balaclava, \u00e0 15 minutes de Grand Baie - centres commerciaux, discoth\u00e8ques, casinos, etc. R\u00e9sidences modernes avec un acc\u00e8s facile \u00e0 la plage, l'oc\u00e9an et \u00e0 la nature.","robots":{"index":"index","follow":"follow","max-snippet":"max-snippet:-1","max-image-preview":"max-image-preview:large","max-video-preview":"max-video-preview:-1"},"canonical":"https:\/\/jacarandamauritius.com\/fr\/contactez-nous\/","og_locale":"fr_FR","og_type":"article","og_title":"Contactez-nous | Jacaranda villas","og_description":"Achetez une villa priv\u00e9e de luxe avec piscine dans le nord de l'\u00eele Maurice, Balaclava, \u00e0 15 minutes de Grand Baie - centres commerciaux, discoth\u00e8ques, casinos, etc. R\u00e9sidences modernes avec un acc\u00e8s facile \u00e0 la plage, l'oc\u00e9an et \u00e0 la nature.","og_url":"https:\/\/jacarandamauritius.com\/fr\/contactez-nous\/","og_site_name":"Jacaranda Luxury Villas","article_modified_time":"2022-06-17T13:45:13+00:00","og_image":[{"url":"https:\/\/jacarandamauritius.com\/wp-content\/uploads\/2021\/11\/life-style-2.jpg","type":"","width":"","height":""}],"twitter_card":"summary_large_image","twitter_title":"Contactez-nous | Jacaranda villas","twitter_description":"Achetez une villa priv\u00e9e de luxe avec piscine dans le nord de l'\u00eele Maurice, Balaclava, \u00e0 15 minutes de Grand Baie - centres commerciaux, discoth\u00e8ques, casinos, etc. R\u00e9sidences modernes avec un acc\u00e8s facile \u00e0 la plage, l'oc\u00e9an et \u00e0 la nature.","twitter_image":"https:\/\/jacarandamauritius.com\/wp-content\/uploads\/2021\/11\/life-style-2.jpg","twitter_misc":{"Dur\u00e9e de lecture estim\u00e9e":"1 minute"},"schema":{"@context":"https:\/\/schema.org","@graph":[{"@type":"WebPage","@id":"https:\/\/jacarandamauritius.com\/fr\/contactez-nous\/","url":"https:\/\/jacarandamauritius.com\/fr\/contactez-nous\/","name":"Contactez-nous | Jacaranda villas","isPartOf":{"@id":"https:\/\/jacarandamauritius.com\/#website"},"primaryImageOfPage":{"@id":"https:\/\/jacarandamauritius.com\/fr\/contactez-nous\/#primaryimage"},"image":{"@id":"https:\/\/jacarandamauritius.com\/fr\/contactez-nous\/#primaryimage"},"thumbnailUrl":"https:\/\/jacarandamauritius.com\/wp-content\/uploads\/2021\/11\/balaclava-locationew.jpg","datePublished":"2022-01-15T09:28:57+00:00","dateModified":"2022-06-17T13:45:13+00:00","description":"Achetez une villa priv\u00e9e de luxe avec piscine dans le nord de l'\u00eele Maurice, Balaclava, \u00e0 15 minutes de Grand Baie - centres commerciaux, discoth\u00e8ques, casinos, etc. R\u00e9sidences modernes avec un acc\u00e8s facile \u00e0 la plage, l'oc\u00e9an et \u00e0 la nature.","breadcrumb":{"@id":"https:\/\/jacarandamauritius.com\/fr\/contactez-nous\/#breadcrumb"},"inLanguage":"fr-FR","potentialAction":[{"@type":"ReadAction","target":["https:\/\/jacarandamauritius.com\/fr\/contactez-nous\/"]}]},{"@type":"ImageObject","inLanguage":"fr-FR","@id":"https:\/\/jacarandamauritius.com\/fr\/contactez-nous\/#primaryimage","url":"https:\/\/jacarandamauritius.com\/wp-content\/uploads\/2021\/11\/balaclava-locationew.jpg","contentUrl":"https:\/\/jacarandamauritius.com\/wp-content\/uploads\/2021\/11\/balaclava-locationew.jpg"},{"@type":"BreadcrumbList","@id":"https:\/\/jacarandamauritius.com\/fr\/contactez-nous\/#breadcrumb","itemListElement":[{"@type":"ListItem","position":1,"name":"Home","item":"https:\/\/jacarandamauritius.com\/fr\/"},{"@type":"ListItem","position":2,"name":"Contactez-nous"}]},{"@type":"WebSite","@id":"https:\/\/jacarandamauritius.com\/#website","url":"https:\/\/jacarandamauritius.com\/","name":"Jacaranda Luxury Villas","description":"Luxury private villas for sale in Mauritius","publisher":{"@id":"https:\/\/jacarandamauritius.com\/#organization"},"potentialAction":[{"@type":"SearchAction","target":{"@type":"EntryPoint","urlTemplate":"https:\/\/jacarandamauritius.com\/?s={search_term_string}"},"query-input":{"@type":"PropertyValueSpecification","valueRequired":true,"valueName":"search_term_string"}}],"inLanguage":"fr-FR"},{"@type":"Organization","@id":"https:\/\/jacarandamauritius.com\/#organization","name":"Jacaranda Luxury Villas","url":"https:\/\/jacarandamauritius.com\/","logo":{"@type":"ImageObject","inLanguage":"fr-FR","@id":"https:\/\/jacarandamauritius.com\/#\/schema\/logo\/image\/","url":"https:\/\/jacarandamauritius.com\/wp-content\/uploads\/2022\/03\/logo2.svg","contentUrl":"https:\/\/jacarandamauritius.com\/wp-content\/uploads\/2022\/03\/logo2.svg","width":199,"height":53,"caption":"Jacaranda Luxury Villas"},"image":{"@id":"https:\/\/jacarandamauritius.com\/#\/schema\/logo\/image\/"}}]}},"_links":{"self":[{"href":"https:\/\/jacarandamauritius.com\/fr\/wp-json\/wp\/v2\/pages\/2895","targetHints":{"allow":["GET"]}}],"collection":[{"href":"https:\/\/jacarandamauritius.com\/fr\/wp-json\/wp\/v2\/pages"}],"about":[{"href":"https:\/\/jacarandamauritius.com\/fr\/wp-json\/wp\/v2\/types\/page"}],"author":[{"embeddable":true,"href":"https:\/\/jacarandamauritius.com\/fr\/wp-json\/wp\/v2\/users\/1"}],"replies":[{"embeddable":true,"href":"https:\/\/jacarandamauritius.com\/fr\/wp-json\/wp\/v2\/comments?post=2895"}],"version-history":[{"count":1,"href":"https:\/\/jacarandamauritius.com\/fr\/wp-json\/wp\/v2\/pages\/2895\/revisions"}],"predecessor-version":[{"id":6319,"href":"https:\/\/jacarandamauritius.com\/fr\/wp-json\/wp\/v2\/pages\/2895\/revisions\/6319"}],"wp:attachment":[{"href":"https:\/\/jacarandamauritius.com\/fr\/wp-json\/wp\/v2\/media?parent=2895"}],"curies":[{"name":"wp","href":"https:\/\/api.w.org\/{rel}","templated":true}]}}